{"id":608,"date":"2024-10-12T23:04:21","date_gmt":"2024-10-12T21:04:21","guid":{"rendered":"https:\/\/creamdeluxe.it\/?page_id=608"},"modified":"2024-10-15T01:40:20","modified_gmt":"2024-10-14T23:40:20","slug":"consignes-de-securite","status":"publish","type":"page","link":"https:\/\/creamdeluxe.it\/it\/consignes-de-securite\/","title":{"rendered":"Istruzioni di sicurezza"},"content":{"rendered":"<p>Oxyde nitreux (N2O Cream Chargers)<br>Informations de s\u00e9curit\u00e9 des fabricants de Cream Chargers<br>Cream Chargers standards de 8g-16g d&rsquo;oxyde nitreux<\/p><p>Un cream charger d&rsquo;oxyde nitreux est une cartouche cylindrique en acier ou en aluminium contenant environ 8g \u00e0 16g d&rsquo;oxyde nitreux. L&rsquo;extr\u00e9mit\u00e9 \u00e9troite de la cartouche est scell\u00e9e avec une feuille d&rsquo;aluminium, qui est perfor\u00e9e pour lib\u00e9rer le gaz. Cela se fait \u00e0 l&rsquo;aide d&rsquo;une \u00e9pingle pointue \u00e0 l&rsquo;int\u00e9rieur du distributeur de cr\u00e8me fouett\u00e9e.<\/p><p><strong>Cream Chargers plus grands d&rsquo;oxyde nitreux<\/strong><\/p><p>Un r\u00e9servoir d&rsquo;oxyde nitreux, disponible en acier inoxydable ou en aluminium, contient une plus grande quantit\u00e9 de gaz. Les r\u00e9servoirs Smartwhip plus grands peuvent \u00e9galement \u00eatre utilis\u00e9s avec un distributeur de cr\u00e8me fouett\u00e9e en suivant ce syst\u00e8me :<\/p><ol class=\"wp-block-list\"><li>Fixez le r\u00e9gulateur de pression au cylindre de N2O.<\/li>\n\n<li>D\u00e9tachez l&rsquo;adaptateur du tuyau du r\u00e9gulateur de pression et vissez-le sur le distributeur de cr\u00e8me.<\/li>\n\n<li>Remplissez le distributeur de cr\u00e8me avec les ingr\u00e9dients de la recette, fermez le couvercle.<\/li>\n\n<li>Connectez le tuyau du r\u00e9gulateur de pression au distributeur de cr\u00e8me en utilisant le connecteur push-pull, en veillant \u00e0 ce que l&rsquo;interrupteur de d\u00e9bit soit sur OFF (un clic indique la connexion).<\/li>\n\n<li>Ouvrez l&rsquo;interrupteur de d\u00e9bit, ajustez le barom\u00e8tre pour la pression souhait\u00e9e en vous r\u00e9f\u00e9rant au tableau de pression Smartwhip.<\/li>\n\n<li>Lorsque le sifflement s&rsquo;arr\u00eate, tournez l&rsquo;interrupteur de d\u00e9bit sur OFF et d\u00e9connectez le tuyau.<\/li>\n\n<li>Secouez le distributeur de cr\u00e8me, fixez l&#8217;embout de d\u00e9coration et lib\u00e9rez le contenu comme avec un chargeur de cr\u00e8me standard de 8g.<\/li><\/ol><p>Les r\u00e9servoirs Cream Deluxe peuvent \u00e9galement \u00eatre utilis\u00e9s :<\/p><ol class=\"wp-block-list\"><li>Vissez le r\u00e9gulateur de pression avec le connecteur rapide sur la bouteille et serrez.<\/li>\n\n<li>R\u00e9p\u00e9tez si aucun gaz n&rsquo;est lib\u00e9r\u00e9.<\/li>\n\n<li>Jetez la bouteille vide en d\u00e9vissant et retirant le r\u00e9gulateur de pression.<\/li><\/ol><p><strong>Remarque<\/strong> : Les Cream Chargers sont soumis \u00e0 des restrictions d&rsquo;\u00e2ge ; vous devez avoir au moins 18 ans pour les acheter. L&rsquo;oxyde nitreux est r\u00e9glement\u00e9 en raison de sa pressurisation et de son potentiel de m\u00e9susage. Son utilisation r\u00e9cr\u00e9ative \u00e0 des fins psychoactives est ill\u00e9gale selon la loi sur les substances psychoactives de 2016. Nous d\u00e9conseillons strictement toute mauvaise utilisation de l&rsquo;oxyde nitreux.<\/p><p><strong>\u00c9limination<\/strong> : Les Cream Chargers usag\u00e9s ne sont pas rechargeables mais enti\u00e8rement recyclables dans les programmes de recyclage de l&rsquo;acier. Pour \u00eatre correctement recycl\u00e9s, les chargeurs doivent \u00eatre vid\u00e9s de leur gaz avant d&rsquo;\u00eatre recycl\u00e9s.<\/p><p><strong>Stockage<\/strong> : Gardez les Cream Chargers hors de port\u00e9e des moins de 18 ans. Conservez-les dans un endroit frais (en dessous de 50\u00b0C), \u00e0 l&rsquo;abri de la chaleur directe. L&rsquo;oxyde nitreux n&rsquo;est pas inflammable mais peut s&rsquo;oxyder ; un stockage appropri\u00e9 est essentiel.<\/p><p><strong>Risques li\u00e9s \u00e0 l&rsquo;utilisation incorrecte de l&rsquo;oxyde nitreux<\/strong> :<\/p><p>L&rsquo;utilisation abusive de l&rsquo;oxyde nitreux consiste \u00e0 inhaler intentionnellement le gaz pour ses effets psychoactifs. Cette pratique est encadr\u00e9e par la loi sur les substances psychoactives de 2016 au Royaume-Uni. Cette l\u00e9gislation r\u00e9gule la production, la vente et la distribution de substances psychoactives, y compris l&rsquo;oxyde nitreux, qui est d\u00e9sormais interdit pour des usages r\u00e9cr\u00e9atifs depuis 2016.<\/p><p>Bien que l&rsquo;oxyde nitreux soit largement utilis\u00e9 dans l&rsquo;industrie culinaire et demeure l\u00e9gal pour des applications l\u00e9gitimes, il est malheureusement de plus en plus d\u00e9tourn\u00e9 pour ses effets sur le syst\u00e8me nerveux central lorsqu&rsquo;il est inhal\u00e9. Une couverture m\u00e9diatique accrue a contribu\u00e9 \u00e0 cette popularit\u00e9 croissante. Discount Cream s&rsquo;oppose fermement \u00e0 toute mauvaise utilisation de l&rsquo;oxyde nitreux et prend des mesures de protection \u00e9tendues pour pr\u00e9venir les abus. Nous nous r\u00e9servons le droit de refuser la vente de N2O \u00e0 toute personne jug\u00e9e inadapt\u00e9e, suspecte d&rsquo;un usage abusif ou \u00e2g\u00e9e de moins de 18 ans.<\/p><p id=\"dangers\"><strong>Dangers potentiels li\u00e9s \u00e0 l&rsquo;abus d&rsquo;oxyde nitreux<\/strong><\/p><ol class=\"wp-block-list\"><li><strong>Privation d&rsquo;oxyg\u00e8ne<\/strong> :<br>L&rsquo;utilisation r\u00e9cr\u00e9ative de l&rsquo;oxyde nitreux pour provoquer un \u00e9tat d&rsquo;euphorie devient de plus en plus courante. Cependant, inhaler de grandes quantit\u00e9s de N2O peut entra\u00eener une privation d&rsquo;oxyg\u00e8ne (hypoxie), un \u00e9tat m\u00e9dical grave qui peut causer des dommages irr\u00e9versibles au cerveau apr\u00e8s une seule exposition.<\/li>\n\n<li><strong>Asphyxie entra\u00eenant la mort<\/strong> :<br>L&rsquo;asphyxie caus\u00e9e par l&rsquo;abus de N2O est fr\u00e9quente, certains utilisateurs allant jusqu&rsquo;\u00e0 se placer dans des sacs en plastique remplis de N2O, ce qui pr\u00e9sente un risque extr\u00eame d&rsquo;inconscience ou pire.<\/li>\n\n<li><strong>Dommages au syst\u00e8me nerveux<\/strong> :<br>L&rsquo;usage prolong\u00e9 et excessif du N2O \u00e0 des fins r\u00e9cr\u00e9atives peut entra\u00eener des l\u00e9sions graves du syst\u00e8me respiratoire et du syst\u00e8me nerveux. Les m\u00e9thodes d&rsquo;inhalation incorrectes, notamment via des masques faciaux lors de f\u00eates, accentuent ces dangers.<\/li>\n\n<li><strong>Carences en vitamine B12 et troubles vasculaires<\/strong> :<br>Une exposition r\u00e9guli\u00e8re au N2O peut entra\u00eener une carence en vitamine B12, avec des cons\u00e9quences graves pour la sant\u00e9, en particulier pour les femmes enceintes.<\/li>\n\n<li><strong>Perte de contr\u00f4le des fonctions corporelles<\/strong> :<br>Une utilisation prolong\u00e9e du N2O peut entra\u00eener une perte de contr\u00f4le des fonctions motrices, des troubles sensoriels et, dans certains cas, une paralysie.<\/li><\/ol><p>L&rsquo;abus de N2O pr\u00e9sente des risques graves et irr\u00e9versibles. Nous conseillons vivement d&rsquo;\u00e9viter tout usage non m\u00e9dical de cette substance pour pr\u00e9server votre sant\u00e9 et celle de vos proches.<\/p>","protected":false},"excerpt":{"rendered":"<p>Oxyde nitreux (N2O Cream Chargers)Informations de s\u00e9curit\u00e9 des fabricants de Cream ChargersCream Chargers standards de 8g-16g d&rsquo;oxyde nitreux Un cream charger d&rsquo;oxyde [&hellip;]<\/p>","protected":false},"author":1,"featured_media":0,"parent":0,"menu_order":0,"comment_status":"closed","ping_status":"closed","template":"","meta":{"footnotes":""},"class_list":["post-608","page","type-page","status-publish","hentry"],"yoast_head":"<!-- This site is optimized with the Yoast SEO plugin v24.9 - https:\/\/yoast.com\/wordpress\/plugins\/seo\/ -->\n<title>Consignes de s\u00e9curit\u00e9 - Cream Deluxe \ud83c\uddee\ud83c\uddf9<\/title>\n<meta name=\"robots\" content=\"index, follow, max-snippet:-1, max-image-preview:large, max-video-preview:-1\" \/>\n<link rel=\"canonical\" href=\"https:\/\/creamdeluxe.it\/it\/consignes-de-securite\/\" \/>\n<meta property=\"og:locale\" content=\"it_IT\" \/>\n<meta property=\"og:type\" content=\"article\" \/>\n<meta property=\"og:title\" content=\"Consignes de s\u00e9curit\u00e9 - Cream Deluxe \ud83c\uddee\ud83c\uddf9\" \/>\n<meta property=\"og:description\" content=\"Oxyde nitreux (N2O Cream Chargers)Informations de s\u00e9curit\u00e9 des fabricants de Cream ChargersCream Chargers standards de 8g-16g d&rsquo;oxyde nitreux Un cream charger d&rsquo;oxyde [&hellip;]\" \/>\n<meta property=\"og:url\" content=\"https:\/\/creamdeluxe.it\/it\/consignes-de-securite\/\" \/>\n<meta property=\"og:site_name\" content=\"Cream Deluxe \ud83c\uddee\ud83c\uddf9\" \/>\n<meta property=\"article:modified_time\" content=\"2024-10-14T23:40:20+00:00\" \/>\n<meta name=\"twitter:card\" content=\"summary_large_image\" \/>\n<meta name=\"twitter:label1\" content=\"Tempo di lettura stimato\" \/>\n\t<meta name=\"twitter:data1\" content=\"5 minuti\" \/>\n<script type=\"application\/ld+json\" class=\"yoast-schema-graph\">{\"@context\":\"https:\/\/schema.org\",\"@graph\":[{\"@type\":\"WebPage\",\"@id\":\"https:\/\/creamdeluxe.it\/consignes-de-securite\/\",\"url\":\"https:\/\/creamdeluxe.it\/consignes-de-securite\/\",\"name\":\"Consignes de s\u00e9curit\u00e9 - Cream Deluxe \ud83c\uddee\ud83c\uddf9\",\"isPartOf\":{\"@id\":\"https:\/\/creamdeluxe.it\/#website\"},\"datePublished\":\"2024-10-12T21:04:21+00:00\",\"dateModified\":\"2024-10-14T23:40:20+00:00\",\"breadcrumb\":{\"@id\":\"https:\/\/creamdeluxe.it\/consignes-de-securite\/#breadcrumb\"},\"inLanguage\":\"it-IT\",\"potentialAction\":[{\"@type\":\"ReadAction\",\"target\":[\"https:\/\/creamdeluxe.it\/consignes-de-securite\/\"]}]},{\"@type\":\"BreadcrumbList\",\"@id\":\"https:\/\/creamdeluxe.it\/consignes-de-securite\/#breadcrumb\",\"itemListElement\":[{\"@type\":\"ListItem\",\"position\":1,\"name\":\"Home\",\"item\":\"https:\/\/creamdeluxe.it\/\"},{\"@type\":\"ListItem\",\"position\":2,\"name\":\"Consignes de s\u00e9curit\u00e9\"}]},{\"@type\":\"WebSite\",\"@id\":\"https:\/\/creamdeluxe.it\/#website\",\"url\":\"https:\/\/creamdeluxe.it\/\",\"name\":\"Cream Deluxe \ud83c\uddee\ud83c\uddf9\",\"description\":\"Light Up the Night with Cream Deluxe\",\"potentialAction\":[{\"@type\":\"SearchAction\",\"target\":{\"@type\":\"EntryPoint\",\"urlTemplate\":\"https:\/\/creamdeluxe.it\/?s={search_term_string}\"},\"query-input\":{\"@type\":\"PropertyValueSpecification\",\"valueRequired\":true,\"valueName\":\"search_term_string\"}}],\"inLanguage\":\"it-IT\"}]}<\/script>\n<!-- \/ Yoast SEO plugin. -->","yoast_head_json":{"title":"Consignes de s\u00e9curit\u00e9 - Cream Deluxe \ud83c\uddee\ud83c\uddf9","robots":{"index":"index","follow":"follow","max-snippet":"max-snippet:-1","max-image-preview":"max-image-preview:large","max-video-preview":"max-video-preview:-1"},"canonical":"https:\/\/creamdeluxe.it\/it\/consignes-de-securite\/","og_locale":"it_IT","og_type":"article","og_title":"Consignes de s\u00e9curit\u00e9 - Cream Deluxe \ud83c\uddee\ud83c\uddf9","og_description":"Oxyde nitreux (N2O Cream Chargers)Informations de s\u00e9curit\u00e9 des fabricants de Cream ChargersCream Chargers standards de 8g-16g d&rsquo;oxyde nitreux Un cream charger d&rsquo;oxyde [&hellip;]","og_url":"https:\/\/creamdeluxe.it\/it\/consignes-de-securite\/","og_site_name":"Cream Deluxe \ud83c\uddee\ud83c\uddf9","article_modified_time":"2024-10-14T23:40:20+00:00","twitter_card":"summary_large_image","twitter_misc":{"Tempo di lettura stimato":"5 minuti"},"schema":{"@context":"https:\/\/schema.org","@graph":[{"@type":"WebPage","@id":"https:\/\/creamdeluxe.it\/consignes-de-securite\/","url":"https:\/\/creamdeluxe.it\/consignes-de-securite\/","name":"Consignes de s\u00e9curit\u00e9 - Cream Deluxe \ud83c\uddee\ud83c\uddf9","isPartOf":{"@id":"https:\/\/creamdeluxe.it\/#website"},"datePublished":"2024-10-12T21:04:21+00:00","dateModified":"2024-10-14T23:40:20+00:00","breadcrumb":{"@id":"https:\/\/creamdeluxe.it\/consignes-de-securite\/#breadcrumb"},"inLanguage":"it-IT","potentialAction":[{"@type":"ReadAction","target":["https:\/\/creamdeluxe.it\/consignes-de-securite\/"]}]},{"@type":"BreadcrumbList","@id":"https:\/\/creamdeluxe.it\/consignes-de-securite\/#breadcrumb","itemListElement":[{"@type":"ListItem","position":1,"name":"Home","item":"https:\/\/creamdeluxe.it\/"},{"@type":"ListItem","position":2,"name":"Consignes de s\u00e9curit\u00e9"}]},{"@type":"WebSite","@id":"https:\/\/creamdeluxe.it\/#website","url":"https:\/\/creamdeluxe.it\/","name":"Cream Deluxe \ud83c\uddee\ud83c\uddf9","description":"Light Up the Night with Cream Deluxe","potentialAction":[{"@type":"SearchAction","target":{"@type":"EntryPoint","urlTemplate":"https:\/\/creamdeluxe.it\/?s={search_term_string}"},"query-input":{"@type":"PropertyValueSpecification","valueRequired":true,"valueName":"search_term_string"}}],"inLanguage":"it-IT"}]}},"jetpack_sharing_enabled":true,"_links":{"self":[{"href":"https:\/\/creamdeluxe.it\/it\/wp-json\/wp\/v2\/pages\/608","targetHints":{"allow":["GET"]}}],"collection":[{"href":"https:\/\/creamdeluxe.it\/it\/wp-json\/wp\/v2\/pages"}],"about":[{"href":"https:\/\/creamdeluxe.it\/it\/wp-json\/wp\/v2\/types\/page"}],"author":[{"embeddable":true,"href":"https:\/\/creamdeluxe.it\/it\/wp-json\/wp\/v2\/users\/1"}],"replies":[{"embeddable":true,"href":"https:\/\/creamdeluxe.it\/it\/wp-json\/wp\/v2\/comments?post=608"}],"version-history":[{"count":0,"href":"https:\/\/creamdeluxe.it\/it\/wp-json\/wp\/v2\/pages\/608\/revisions"}],"wp:attachment":[{"href":"https:\/\/creamdeluxe.it\/it\/wp-json\/wp\/v2\/media?parent=608"}],"curies":[{"name":"wp","href":"https:\/\/api.w.org\/{rel}","templated":true}]}}