{"id":584,"date":"2024-10-12T18:42:09","date_gmt":"2024-10-12T16:42:09","guid":{"rendered":"https:\/\/creamdeluxe.it\/?page_id=584"},"modified":"2024-10-12T18:42:11","modified_gmt":"2024-10-12T16:42:11","slug":"termes-et-conditions","status":"publish","type":"page","link":"https:\/\/creamdeluxe.it\/it\/termes-et-conditions\/","title":{"rendered":"Termes et Conditions"},"content":{"rendered":"<p><em>1. Introduction<\/em><br>Bienvenue sur le site de Cream Deluxe, repr\u00e9sent\u00e9 par Cream Italy S.R.L.S. En acc\u00e9dant \u00e0 notre site, vous acceptez d\u2019\u00eatre li\u00e9 par ces termes et conditions. Si vous n&rsquo;acceptez pas ces conditions, veuillez ne pas utiliser notre site.<\/p><p><em>2. Informations sur les produits<\/em><br>Nous nous effor\u00e7ons de fournir des descriptions pr\u00e9cises et \u00e0 jour de nos produits. Cependant, des erreurs peuvent survenir. Nous nous r\u00e9servons le droit de modifier les prix et la disponibilit\u00e9 des produits sans pr\u00e9avis. Toutes les images sont fournies \u00e0 titre d&rsquo;illustration et peuvent ne pas refl\u00e9ter exactement le produit.<\/p><p><em>3. Commandes<\/em><br>Pour passer une commande, vous devez suivre le processus de commande sur notre site. Vous recevrez une confirmation de votre commande par e-mail. Nous nous r\u00e9servons le droit d&rsquo;annuler toute commande en cas de probl\u00e8me de disponibilit\u00e9 ou de prix.<\/p><p><em>4. Paiement<\/em><br>Nous acceptons les paiements par carte de cr\u00e9dit, PayPal, Revolut et virement bancaire. Tous les paiements sont trait\u00e9s de mani\u00e8re s\u00e9curis\u00e9e, et vos informations financi\u00e8res sont prot\u00e9g\u00e9es.<\/p><p><em>5. Livraison<\/em><br>Les frais de livraison sont indiqu\u00e9s lors de votre commande. Nous nous engageons \u00e0 exp\u00e9dier les commandes dans les meilleurs d\u00e9lais. Vous recevrez un num\u00e9ro de suivi par e-mail pour suivre votre colis.<\/p><p><em>6. Retours et remboursements<\/em><br>Nous acceptons les retours dans un d\u00e9lai de 7 jours apr\u00e8s r\u00e9ception de votre commande. Les produits doivent \u00eatre dans leur emballage d&rsquo;origine et non ouverts. Pour initier un retour, veuillez contacter notre service client. Les remboursements seront trait\u00e9s dans un d\u00e9lai de 14 jours apr\u00e8s r\u00e9ception des articles retourn\u00e9s.<\/p><p><em>7. Responsabilit\u00e9s<\/em><br>Cream Deluxe ne peut \u00eatre tenu responsable des dommages directs ou indirects r\u00e9sultant de l&rsquo;utilisation de notre site ou de nos produits. En cas de force majeure, nous ne serons pas responsables des retards ou de l&rsquo;impossibilit\u00e9 d&rsquo;ex\u00e9cuter une commande.<\/p><p><em>8. Propri\u00e9t\u00e9 intellectuelle<\/em><br>Tous les contenus pr\u00e9sents sur ce site, y compris les textes, images et logos, sont prot\u00e9g\u00e9s par des droits d&rsquo;auteur. Toute reproduction ou utilisation non autoris\u00e9e de ces contenus est strictement interdite.<\/p><p><em>9. Protection des donn\u00e9es<\/em><br>Nous respectons votre vie priv\u00e9e et nous engageons \u00e0 prot\u00e9ger vos donn\u00e9es personnelles. Consultez notre politique de confidentialit\u00e9 pour plus d&rsquo;informations sur la mani\u00e8re dont nous collectons et utilisons vos donn\u00e9es.<\/p><p><em>10. Modification des termes<\/em><br>Nous nous r\u00e9servons le droit de modifier ces termes et conditions \u00e0 tout moment. Les modifications seront publi\u00e9es sur notre site, et il est de votre responsabilit\u00e9 de consulter r\u00e9guli\u00e8rement ces termes.<\/p><p><em>11. Loi applicable<\/em><br>Ces termes et conditions sont r\u00e9gis par la loi italienne. Tout litige d\u00e9coulant de l&rsquo;utilisation de notre site sera soumis \u00e0 la juridiction des tribunaux italiens.<\/p><p><em>12. Contact<\/em><br>Pour toute question concernant ces termes et conditions, veuillez nous contacter \u00e0 :<br>Email : hello@creamdeluxe.it<br>T\u00e9l\u00e9phone : +39 123 456 789<\/p><p><\/p>","protected":false},"excerpt":{"rendered":"<p>1. IntroductionBienvenue sur le site de Cream Deluxe, repr\u00e9sent\u00e9 par Cream Italy S.R.L.S. En acc\u00e9dant \u00e0 notre site, vous acceptez d\u2019\u00eatre li\u00e9 [&hellip;]<\/p>","protected":false},"author":1,"featured_media":0,"parent":0,"menu_order":0,"comment_status":"closed","ping_status":"closed","template":"","meta":{"footnotes":""},"class_list":["post-584","page","type-page","status-publish","hentry"],"yoast_head":"<!-- This site is optimized with the Yoast SEO plugin v24.9 - https:\/\/yoast.com\/wordpress\/plugins\/seo\/ -->\n<title>Termes et Conditions - Cream Deluxe \ud83c\uddee\ud83c\uddf9<\/title>\n<meta name=\"robots\" content=\"index, follow, max-snippet:-1, max-image-preview:large, max-video-preview:-1\" \/>\n<link rel=\"canonical\" href=\"https:\/\/creamdeluxe.it\/it\/termes-et-conditions\/\" \/>\n<meta property=\"og:locale\" content=\"it_IT\" \/>\n<meta property=\"og:type\" content=\"article\" \/>\n<meta property=\"og:title\" content=\"Termes et Conditions - Cream Deluxe \ud83c\uddee\ud83c\uddf9\" \/>\n<meta property=\"og:description\" content=\"1. IntroductionBienvenue sur le site de Cream Deluxe, repr\u00e9sent\u00e9 par Cream Italy S.R.L.S. En acc\u00e9dant \u00e0 notre site, vous acceptez d\u2019\u00eatre li\u00e9 [&hellip;]\" \/>\n<meta property=\"og:url\" content=\"https:\/\/creamdeluxe.it\/it\/termes-et-conditions\/\" \/>\n<meta property=\"og:site_name\" content=\"Cream Deluxe \ud83c\uddee\ud83c\uddf9\" \/>\n<meta property=\"article:modified_time\" content=\"2024-10-12T16:42:11+00:00\" \/>\n<meta name=\"twitter:card\" content=\"summary_large_image\" \/>\n<meta name=\"twitter:label1\" content=\"Tempo di lettura stimato\" \/>\n\t<meta name=\"twitter:data1\" content=\"2 minuti\" \/>\n<script type=\"application\/ld+json\" class=\"yoast-schema-graph\">{\"@context\":\"https:\/\/schema.org\",\"@graph\":[{\"@type\":\"WebPage\",\"@id\":\"https:\/\/creamdeluxe.it\/termes-et-conditions\/\",\"url\":\"https:\/\/creamdeluxe.it\/termes-et-conditions\/\",\"name\":\"Termes et Conditions - Cream Deluxe \ud83c\uddee\ud83c\uddf9\",\"isPartOf\":{\"@id\":\"https:\/\/creamdeluxe.it\/#website\"},\"datePublished\":\"2024-10-12T16:42:09+00:00\",\"dateModified\":\"2024-10-12T16:42:11+00:00\",\"breadcrumb\":{\"@id\":\"https:\/\/creamdeluxe.it\/termes-et-conditions\/#breadcrumb\"},\"inLanguage\":\"it-IT\",\"potentialAction\":[{\"@type\":\"ReadAction\",\"target\":[\"https:\/\/creamdeluxe.it\/termes-et-conditions\/\"]}]},{\"@type\":\"BreadcrumbList\",\"@id\":\"https:\/\/creamdeluxe.it\/termes-et-conditions\/#breadcrumb\",\"itemListElement\":[{\"@type\":\"ListItem\",\"position\":1,\"name\":\"Home\",\"item\":\"https:\/\/creamdeluxe.it\/\"},{\"@type\":\"ListItem\",\"position\":2,\"name\":\"Termes et Conditions\"}]},{\"@type\":\"WebSite\",\"@id\":\"https:\/\/creamdeluxe.it\/#website\",\"url\":\"https:\/\/creamdeluxe.it\/\",\"name\":\"Cream Deluxe \ud83c\uddee\ud83c\uddf9\",\"description\":\"Light Up the Night with Cream Deluxe\",\"potentialAction\":[{\"@type\":\"SearchAction\",\"target\":{\"@type\":\"EntryPoint\",\"urlTemplate\":\"https:\/\/creamdeluxe.it\/?s={search_term_string}\"},\"query-input\":{\"@type\":\"PropertyValueSpecification\",\"valueRequired\":true,\"valueName\":\"search_term_string\"}}],\"inLanguage\":\"it-IT\"}]}<\/script>\n<!-- \/ Yoast SEO plugin. -->","yoast_head_json":{"title":"Termes et Conditions - Cream Deluxe \ud83c\uddee\ud83c\uddf9","robots":{"index":"index","follow":"follow","max-snippet":"max-snippet:-1","max-image-preview":"max-image-preview:large","max-video-preview":"max-video-preview:-1"},"canonical":"https:\/\/creamdeluxe.it\/it\/termes-et-conditions\/","og_locale":"it_IT","og_type":"article","og_title":"Termes et Conditions - Cream Deluxe \ud83c\uddee\ud83c\uddf9","og_description":"1. IntroductionBienvenue sur le site de Cream Deluxe, repr\u00e9sent\u00e9 par Cream Italy S.R.L.S. En acc\u00e9dant \u00e0 notre site, vous acceptez d\u2019\u00eatre li\u00e9 [&hellip;]","og_url":"https:\/\/creamdeluxe.it\/it\/termes-et-conditions\/","og_site_name":"Cream Deluxe \ud83c\uddee\ud83c\uddf9","article_modified_time":"2024-10-12T16:42:11+00:00","twitter_card":"summary_large_image","twitter_misc":{"Tempo di lettura stimato":"2 minuti"},"schema":{"@context":"https:\/\/schema.org","@graph":[{"@type":"WebPage","@id":"https:\/\/creamdeluxe.it\/termes-et-conditions\/","url":"https:\/\/creamdeluxe.it\/termes-et-conditions\/","name":"Termes et Conditions - Cream Deluxe \ud83c\uddee\ud83c\uddf9","isPartOf":{"@id":"https:\/\/creamdeluxe.it\/#website"},"datePublished":"2024-10-12T16:42:09+00:00","dateModified":"2024-10-12T16:42:11+00:00","breadcrumb":{"@id":"https:\/\/creamdeluxe.it\/termes-et-conditions\/#breadcrumb"},"inLanguage":"it-IT","potentialAction":[{"@type":"ReadAction","target":["https:\/\/creamdeluxe.it\/termes-et-conditions\/"]}]},{"@type":"BreadcrumbList","@id":"https:\/\/creamdeluxe.it\/termes-et-conditions\/#breadcrumb","itemListElement":[{"@type":"ListItem","position":1,"name":"Home","item":"https:\/\/creamdeluxe.it\/"},{"@type":"ListItem","position":2,"name":"Termes et Conditions"}]},{"@type":"WebSite","@id":"https:\/\/creamdeluxe.it\/#website","url":"https:\/\/creamdeluxe.it\/","name":"Cream Deluxe \ud83c\uddee\ud83c\uddf9","description":"Light Up the Night with Cream Deluxe","potentialAction":[{"@type":"SearchAction","target":{"@type":"EntryPoint","urlTemplate":"https:\/\/creamdeluxe.it\/?s={search_term_string}"},"query-input":{"@type":"PropertyValueSpecification","valueRequired":true,"valueName":"search_term_string"}}],"inLanguage":"it-IT"}]}},"jetpack_sharing_enabled":true,"_links":{"self":[{"href":"https:\/\/creamdeluxe.it\/it\/wp-json\/wp\/v2\/pages\/584","targetHints":{"allow":["GET"]}}],"collection":[{"href":"https:\/\/creamdeluxe.it\/it\/wp-json\/wp\/v2\/pages"}],"about":[{"href":"https:\/\/creamdeluxe.it\/it\/wp-json\/wp\/v2\/types\/page"}],"author":[{"embeddable":true,"href":"https:\/\/creamdeluxe.it\/it\/wp-json\/wp\/v2\/users\/1"}],"replies":[{"embeddable":true,"href":"https:\/\/creamdeluxe.it\/it\/wp-json\/wp\/v2\/comments?post=584"}],"version-history":[{"count":0,"href":"https:\/\/creamdeluxe.it\/it\/wp-json\/wp\/v2\/pages\/584\/revisions"}],"wp:attachment":[{"href":"https:\/\/creamdeluxe.it\/it\/wp-json\/wp\/v2\/media?parent=584"}],"curies":[{"name":"wp","href":"https:\/\/api.w.org\/{rel}","templated":true}]}}