{"id":3,"date":"2024-08-15T13:41:54","date_gmt":"2024-08-15T11:41:54","guid":{"rendered":"https:\/\/creamdeluxe.it\/creamdeluxe\/?page_id=3"},"modified":"2024-10-04T17:18:13","modified_gmt":"2024-10-04T15:18:13","slug":"politique-de-confidentialite","status":"publish","type":"page","link":"https:\/\/creamdeluxe.it\/it\/politique-de-confidentialite\/","title":{"rendered":"Informativa sulla privacy"},"content":{"rendered":"<p>Chez Cream Deluxe, nous prenons tr\u00e8s au s\u00e9rieux la protection de vos donn\u00e9es personnelles. Cette politique de confidentialit\u00e9 d\u00e9crit comment nous collectons, utilisons et prot\u00e9geons vos informations lorsque vous visitez notre site et effectuez des achats. <\/p><p><strong>Collecte d&rsquo;informations : <\/strong><\/p><p>Nous collectons des informations personnelles lorsque vous cr\u00e9ez un compte, passez une commande ou interagissez avec notre service client. Les informations collect\u00e9es peuvent inclure votre nom, adresse, adresse e-mail et informations de paiement. <\/p><p><strong>Utilisation des informations : <\/strong><\/p><p>Nous utilisons vos donn\u00e9es pour traiter vos commandes, communiquer avec vous concernant votre achat et am\u00e9liorer nos services. Nous ne vendons ni ne louons vos informations \u00e0 des tiers. Protection des donn\u00e9es : Nous mettons en \u0153uvre des mesures de s\u00e9curit\u00e9 strictes pour prot\u00e9ger vos informations contre tout acc\u00e8s non autoris\u00e9 ou divulgation. Cela inclut l&rsquo;utilisation de technologies de cryptage avanc\u00e9es et de serveurs s\u00e9curis\u00e9s. <\/p><p><strong>Vos droits : <\/strong><\/p><p>Vous avez le droit de demander l&rsquo;acc\u00e8s \u00e0 vos donn\u00e9es personnelles, de les corriger ou de les supprimer. Si vous souhaitez exercer ces droits, veuillez nous contacter \u00e0 l\u2019adresse indiqu\u00e9e ci-dessus. <\/p><p><strong>Modifications de la politique : <\/strong><\/p><p>Nous nous r\u00e9servons le droit de modifier cette politique de confidentialit\u00e9 \u00e0 tout moment. Nous vous informerons de tout changement important par e-mail ou par une notification sur notre site.<\/p>","protected":false},"excerpt":{"rendered":"<p>Chez Cream Deluxe, nous prenons tr\u00e8s au s\u00e9rieux la protection de vos donn\u00e9es personnelles. Cette politique de confidentialit\u00e9 d\u00e9crit comment nous collectons, [&hellip;]<\/p>","protected":false},"author":1,"featured_media":0,"parent":0,"menu_order":0,"comment_status":"closed","ping_status":"open","template":"","meta":{"footnotes":""},"class_list":["post-3","page","type-page","status-publish","hentry"],"yoast_head":"<!-- This site is optimized with the Yoast SEO plugin v24.9 - https:\/\/yoast.com\/wordpress\/plugins\/seo\/ -->\n<title>Politique de confidentialit\u00e9 - Cream Deluxe \ud83c\uddee\ud83c\uddf9<\/title>\n<meta name=\"robots\" content=\"index, follow, max-snippet:-1, max-image-preview:large, max-video-preview:-1\" \/>\n<link rel=\"canonical\" href=\"https:\/\/creamdeluxe.it\/it\/politique-de-confidentialite\/\" \/>\n<meta property=\"og:locale\" content=\"it_IT\" \/>\n<meta property=\"og:type\" content=\"article\" \/>\n<meta property=\"og:title\" content=\"Politique de confidentialit\u00e9 - Cream Deluxe \ud83c\uddee\ud83c\uddf9\" \/>\n<meta property=\"og:description\" content=\"Chez Cream Deluxe, nous prenons tr\u00e8s au s\u00e9rieux la protection de vos donn\u00e9es personnelles. Cette politique de confidentialit\u00e9 d\u00e9crit comment nous collectons, [&hellip;]\" \/>\n<meta property=\"og:url\" content=\"https:\/\/creamdeluxe.it\/it\/politique-de-confidentialite\/\" \/>\n<meta property=\"og:site_name\" content=\"Cream Deluxe \ud83c\uddee\ud83c\uddf9\" \/>\n<meta property=\"article:modified_time\" content=\"2024-10-04T15:18:13+00:00\" \/>\n<meta name=\"twitter:card\" content=\"summary_large_image\" \/>\n<meta name=\"twitter:label1\" content=\"Tempo di lettura stimato\" \/>\n\t<meta name=\"twitter:data1\" content=\"1 minuto\" \/>\n<script type=\"application\/ld+json\" class=\"yoast-schema-graph\">{\"@context\":\"https:\/\/schema.org\",\"@graph\":[{\"@type\":\"WebPage\",\"@id\":\"https:\/\/creamdeluxe.it\/politique-de-confidentialite\/\",\"url\":\"https:\/\/creamdeluxe.it\/politique-de-confidentialite\/\",\"name\":\"Politique de confidentialit\u00e9 - Cream Deluxe \ud83c\uddee\ud83c\uddf9\",\"isPartOf\":{\"@id\":\"https:\/\/creamdeluxe.it\/#website\"},\"datePublished\":\"2024-08-15T11:41:54+00:00\",\"dateModified\":\"2024-10-04T15:18:13+00:00\",\"breadcrumb\":{\"@id\":\"https:\/\/creamdeluxe.it\/politique-de-confidentialite\/#breadcrumb\"},\"inLanguage\":\"it-IT\",\"potentialAction\":[{\"@type\":\"ReadAction\",\"target\":[\"https:\/\/creamdeluxe.it\/politique-de-confidentialite\/\"]}]},{\"@type\":\"BreadcrumbList\",\"@id\":\"https:\/\/creamdeluxe.it\/politique-de-confidentialite\/#breadcrumb\",\"itemListElement\":[{\"@type\":\"ListItem\",\"position\":1,\"name\":\"Home\",\"item\":\"https:\/\/creamdeluxe.it\/\"},{\"@type\":\"ListItem\",\"position\":2,\"name\":\"Politique de confidentialit\u00e9\"}]},{\"@type\":\"WebSite\",\"@id\":\"https:\/\/creamdeluxe.it\/#website\",\"url\":\"https:\/\/creamdeluxe.it\/\",\"name\":\"Cream Deluxe \ud83c\uddee\ud83c\uddf9\",\"description\":\"Light Up the Night with Cream Deluxe\",\"potentialAction\":[{\"@type\":\"SearchAction\",\"target\":{\"@type\":\"EntryPoint\",\"urlTemplate\":\"https:\/\/creamdeluxe.it\/?s={search_term_string}\"},\"query-input\":{\"@type\":\"PropertyValueSpecification\",\"valueRequired\":true,\"valueName\":\"search_term_string\"}}],\"inLanguage\":\"it-IT\"}]}<\/script>\n<!-- \/ Yoast SEO plugin. -->","yoast_head_json":{"title":"Politique de confidentialit\u00e9 - Cream Deluxe \ud83c\uddee\ud83c\uddf9","robots":{"index":"index","follow":"follow","max-snippet":"max-snippet:-1","max-image-preview":"max-image-preview:large","max-video-preview":"max-video-preview:-1"},"canonical":"https:\/\/creamdeluxe.it\/it\/politique-de-confidentialite\/","og_locale":"it_IT","og_type":"article","og_title":"Politique de confidentialit\u00e9 - Cream Deluxe \ud83c\uddee\ud83c\uddf9","og_description":"Chez Cream Deluxe, nous prenons tr\u00e8s au s\u00e9rieux la protection de vos donn\u00e9es personnelles. Cette politique de confidentialit\u00e9 d\u00e9crit comment nous collectons, [&hellip;]","og_url":"https:\/\/creamdeluxe.it\/it\/politique-de-confidentialite\/","og_site_name":"Cream Deluxe \ud83c\uddee\ud83c\uddf9","article_modified_time":"2024-10-04T15:18:13+00:00","twitter_card":"summary_large_image","twitter_misc":{"Tempo di lettura stimato":"1 minuto"},"schema":{"@context":"https:\/\/schema.org","@graph":[{"@type":"WebPage","@id":"https:\/\/creamdeluxe.it\/politique-de-confidentialite\/","url":"https:\/\/creamdeluxe.it\/politique-de-confidentialite\/","name":"Politique de confidentialit\u00e9 - Cream Deluxe \ud83c\uddee\ud83c\uddf9","isPartOf":{"@id":"https:\/\/creamdeluxe.it\/#website"},"datePublished":"2024-08-15T11:41:54+00:00","dateModified":"2024-10-04T15:18:13+00:00","breadcrumb":{"@id":"https:\/\/creamdeluxe.it\/politique-de-confidentialite\/#breadcrumb"},"inLanguage":"it-IT","potentialAction":[{"@type":"ReadAction","target":["https:\/\/creamdeluxe.it\/politique-de-confidentialite\/"]}]},{"@type":"BreadcrumbList","@id":"https:\/\/creamdeluxe.it\/politique-de-confidentialite\/#breadcrumb","itemListElement":[{"@type":"ListItem","position":1,"name":"Home","item":"https:\/\/creamdeluxe.it\/"},{"@type":"ListItem","position":2,"name":"Politique de confidentialit\u00e9"}]},{"@type":"WebSite","@id":"https:\/\/creamdeluxe.it\/#website","url":"https:\/\/creamdeluxe.it\/","name":"Cream Deluxe \ud83c\uddee\ud83c\uddf9","description":"Light Up the Night with Cream Deluxe","potentialAction":[{"@type":"SearchAction","target":{"@type":"EntryPoint","urlTemplate":"https:\/\/creamdeluxe.it\/?s={search_term_string}"},"query-input":{"@type":"PropertyValueSpecification","valueRequired":true,"valueName":"search_term_string"}}],"inLanguage":"it-IT"}]}},"jetpack_sharing_enabled":true,"_links":{"self":[{"href":"https:\/\/creamdeluxe.it\/it\/wp-json\/wp\/v2\/pages\/3","targetHints":{"allow":["GET"]}}],"collection":[{"href":"https:\/\/creamdeluxe.it\/it\/wp-json\/wp\/v2\/pages"}],"about":[{"href":"https:\/\/creamdeluxe.it\/it\/wp-json\/wp\/v2\/types\/page"}],"author":[{"embeddable":true,"href":"https:\/\/creamdeluxe.it\/it\/wp-json\/wp\/v2\/users\/1"}],"replies":[{"embeddable":true,"href":"https:\/\/creamdeluxe.it\/it\/wp-json\/wp\/v2\/comments?post=3"}],"version-history":[{"count":0,"href":"https:\/\/creamdeluxe.it\/it\/wp-json\/wp\/v2\/pages\/3\/revisions"}],"wp:attachment":[{"href":"https:\/\/creamdeluxe.it\/it\/wp-json\/wp\/v2\/media?parent=3"}],"curies":[{"name":"wp","href":"https:\/\/api.w.org\/{rel}","templated":true}]}}