{"id":799,"date":"2024-10-29T11:18:01","date_gmt":"2024-10-29T10:18:01","guid":{"rendered":"https:\/\/creamdeluxe.it\/shop\/cream-deluxe-gold-640g-6-pack\/"},"modified":"2024-10-30T09:13:55","modified_gmt":"2024-10-30T08:13:55","slug":"cream-deluxe-gold-640g-6-pack","status":"publish","type":"product","link":"https:\/\/creamdeluxe.it\/en\/shop\/cream-deluxe-gold-640g-6-pack\/","title":{"rendered":"Cream Deluxe Gold 640g &#8211; 6 pack"},"content":{"rendered":"<p>Inclut une buse gratuite pour chaque cylindre, d\u00e9sormais disponible dans une couleur or \u00e9blouissante.<\/p>\n<p>Offre six cylindres ultra-l\u00e9gers de 640 g, id\u00e9als pour les professionnels en d\u00e9placement.<\/p>\n<p>Chaque cylindre est conforme aux normes les plus strictes, avec une puret\u00e9 de 99,9 % en oxyde nitreux, dans un design robuste et \u00e9l\u00e9gant.<\/p>\n<p>Profitez d&rsquo;une mobilit\u00e9 optimale sans sacrifier la capacit\u00e9 \u2013 chaque bouteille de 640 g est con\u00e7ue pour allier efficacit\u00e9 et praticit\u00e9.<\/p>","protected":false},"excerpt":{"rendered":"<p>Inclut une buse gratuite pour chaque cylindre, d\u00e9sormais disponible dans une couleur or \u00e9blouissante. Offre six cylindres ultra-l\u00e9gers de 640 g, id\u00e9als [&hellip;]<\/p>","protected":false},"featured_media":809,"comment_status":"open","ping_status":"closed","template":"","meta":[],"product_brand":[],"product_cat":[26],"product_tag":[],"class_list":{"0":"post-799","1":"product","2":"type-product","3":"status-publish","4":"has-post-thumbnail","6":"product_cat-editions-speciales","8":"first","9":"instock","10":"shipping-taxable","11":"purchasable","12":"product-type-simple"},"yoast_head":"<!-- This site is optimized with the Yoast SEO plugin v24.9 - https:\/\/yoast.com\/wordpress\/plugins\/seo\/ -->\n<title>Cream Deluxe Gold 640g - 6 pack - Cream Deluxe \ud83c\uddee\ud83c\uddf9<\/title>\n<meta name=\"robots\" content=\"index, follow, max-snippet:-1, max-image-preview:large, max-video-preview:-1\" \/>\n<link rel=\"canonical\" href=\"https:\/\/creamdeluxe.it\/en\/shop\/cream-deluxe-gold-640g-6-pack\/\" \/>\n<meta property=\"og:locale\" content=\"en_GB\" \/>\n<meta property=\"og:type\" content=\"article\" \/>\n<meta property=\"og:title\" content=\"Cream Deluxe Gold 640g - 6 pack - Cream Deluxe \ud83c\uddee\ud83c\uddf9\" \/>\n<meta property=\"og:description\" content=\"Inclut une buse gratuite pour chaque cylindre, d\u00e9sormais disponible dans une couleur or \u00e9blouissante. Offre six cylindres ultra-l\u00e9gers de 640 g, id\u00e9als [&hellip;]\" \/>\n<meta property=\"og:url\" content=\"https:\/\/creamdeluxe.it\/en\/shop\/cream-deluxe-gold-640g-6-pack\/\" \/>\n<meta property=\"og:site_name\" content=\"Cream Deluxe \ud83c\uddee\ud83c\uddf9\" \/>\n<meta property=\"article:modified_time\" content=\"2024-10-30T08:13:55+00:00\" \/>\n<meta property=\"og:image\" content=\"https:\/\/i0.wp.com\/creamdeluxe.it\/wp-content\/uploads\/2024\/10\/cream-deluxe-gold-640g-6pack-square-2.png?fit=1600%2C1600&ssl=1\" \/>\n\t<meta property=\"og:image:width\" content=\"1600\" \/>\n\t<meta property=\"og:image:height\" content=\"1600\" \/>\n\t<meta property=\"og:image:type\" content=\"image\/png\" \/>\n<meta name=\"twitter:card\" content=\"summary_large_image\" \/>\n<script type=\"application\/ld+json\" class=\"yoast-schema-graph\">{\"@context\":\"https:\/\/schema.org\",\"@graph\":[{\"@type\":\"WebPage\",\"@id\":\"https:\/\/creamdeluxe.it\/shop\/cream-deluxe-gold-640g-6-pack\/\",\"url\":\"https:\/\/creamdeluxe.it\/shop\/cream-deluxe-gold-640g-6-pack\/\",\"name\":\"Cream Deluxe Gold 640g - 6 pack - Cream Deluxe \ud83c\uddee\ud83c\uddf9\",\"isPartOf\":{\"@id\":\"https:\/\/creamdeluxe.it\/#website\"},\"primaryImageOfPage\":{\"@id\":\"https:\/\/creamdeluxe.it\/shop\/cream-deluxe-gold-640g-6-pack\/#primaryimage\"},\"image\":{\"@id\":\"https:\/\/creamdeluxe.it\/shop\/cream-deluxe-gold-640g-6-pack\/#primaryimage\"},\"thumbnailUrl\":\"https:\/\/i0.wp.com\/creamdeluxe.it\/wp-content\/uploads\/2024\/10\/cream-deluxe-gold-640g-6pack-square-2.png?fit=1600%2C1600&ssl=1\",\"datePublished\":\"2024-10-29T10:18:01+00:00\",\"dateModified\":\"2024-10-30T08:13:55+00:00\",\"breadcrumb\":{\"@id\":\"https:\/\/creamdeluxe.it\/shop\/cream-deluxe-gold-640g-6-pack\/#breadcrumb\"},\"inLanguage\":\"en-GB\",\"potentialAction\":[{\"@type\":\"ReadAction\",\"target\":[\"https:\/\/creamdeluxe.it\/shop\/cream-deluxe-gold-640g-6-pack\/\"]}]},{\"@type\":\"ImageObject\",\"inLanguage\":\"en-GB\",\"@id\":\"https:\/\/creamdeluxe.it\/shop\/cream-deluxe-gold-640g-6-pack\/#primaryimage\",\"url\":\"https:\/\/i0.wp.com\/creamdeluxe.it\/wp-content\/uploads\/2024\/10\/cream-deluxe-gold-640g-6pack-square-2.png?fit=1600%2C1600&ssl=1\",\"contentUrl\":\"https:\/\/i0.wp.com\/creamdeluxe.it\/wp-content\/uploads\/2024\/10\/cream-deluxe-gold-640g-6pack-square-2.png?fit=1600%2C1600&ssl=1\",\"width\":1600,\"height\":1600},{\"@type\":\"BreadcrumbList\",\"@id\":\"https:\/\/creamdeluxe.it\/shop\/cream-deluxe-gold-640g-6-pack\/#breadcrumb\",\"itemListElement\":[{\"@type\":\"ListItem\",\"position\":1,\"name\":\"Home\",\"item\":\"https:\/\/creamdeluxe.it\/\"},{\"@type\":\"ListItem\",\"position\":2,\"name\":\"Boutique\",\"item\":\"https:\/\/creamdeluxe.it\/en\/boutique\/\"},{\"@type\":\"ListItem\",\"position\":3,\"name\":\"Cream Deluxe Gold 640g &#8211; 6 pack\"}]},{\"@type\":\"WebSite\",\"@id\":\"https:\/\/creamdeluxe.it\/#website\",\"url\":\"https:\/\/creamdeluxe.it\/\",\"name\":\"Cream Deluxe \ud83c\uddee\ud83c\uddf9\",\"description\":\"Light Up the Night with Cream Deluxe\",\"potentialAction\":[{\"@type\":\"SearchAction\",\"target\":{\"@type\":\"EntryPoint\",\"urlTemplate\":\"https:\/\/creamdeluxe.it\/?s={search_term_string}\"},\"query-input\":{\"@type\":\"PropertyValueSpecification\",\"valueRequired\":true,\"valueName\":\"search_term_string\"}}],\"inLanguage\":\"en-GB\"}]}<\/script>\n<!-- \/ Yoast SEO plugin. -->","yoast_head_json":{"title":"Cream Deluxe Gold 640g - 6 pack - Cream Deluxe \ud83c\uddee\ud83c\uddf9","robots":{"index":"index","follow":"follow","max-snippet":"max-snippet:-1","max-image-preview":"max-image-preview:large","max-video-preview":"max-video-preview:-1"},"canonical":"https:\/\/creamdeluxe.it\/en\/shop\/cream-deluxe-gold-640g-6-pack\/","og_locale":"en_GB","og_type":"article","og_title":"Cream Deluxe Gold 640g - 6 pack - Cream Deluxe \ud83c\uddee\ud83c\uddf9","og_description":"Inclut une buse gratuite pour chaque cylindre, d\u00e9sormais disponible dans une couleur or \u00e9blouissante. Offre six cylindres ultra-l\u00e9gers de 640 g, id\u00e9als [&hellip;]","og_url":"https:\/\/creamdeluxe.it\/en\/shop\/cream-deluxe-gold-640g-6-pack\/","og_site_name":"Cream Deluxe \ud83c\uddee\ud83c\uddf9","article_modified_time":"2024-10-30T08:13:55+00:00","og_image":[{"width":1600,"height":1600,"url":"https:\/\/i0.wp.com\/creamdeluxe.it\/wp-content\/uploads\/2024\/10\/cream-deluxe-gold-640g-6pack-square-2.png?fit=1600%2C1600&ssl=1","type":"image\/png"}],"twitter_card":"summary_large_image","schema":{"@context":"https:\/\/schema.org","@graph":[{"@type":"WebPage","@id":"https:\/\/creamdeluxe.it\/shop\/cream-deluxe-gold-640g-6-pack\/","url":"https:\/\/creamdeluxe.it\/shop\/cream-deluxe-gold-640g-6-pack\/","name":"Cream Deluxe Gold 640g - 6 pack - Cream Deluxe \ud83c\uddee\ud83c\uddf9","isPartOf":{"@id":"https:\/\/creamdeluxe.it\/#website"},"primaryImageOfPage":{"@id":"https:\/\/creamdeluxe.it\/shop\/cream-deluxe-gold-640g-6-pack\/#primaryimage"},"image":{"@id":"https:\/\/creamdeluxe.it\/shop\/cream-deluxe-gold-640g-6-pack\/#primaryimage"},"thumbnailUrl":"https:\/\/i0.wp.com\/creamdeluxe.it\/wp-content\/uploads\/2024\/10\/cream-deluxe-gold-640g-6pack-square-2.png?fit=1600%2C1600&ssl=1","datePublished":"2024-10-29T10:18:01+00:00","dateModified":"2024-10-30T08:13:55+00:00","breadcrumb":{"@id":"https:\/\/creamdeluxe.it\/shop\/cream-deluxe-gold-640g-6-pack\/#breadcrumb"},"inLanguage":"en-GB","potentialAction":[{"@type":"ReadAction","target":["https:\/\/creamdeluxe.it\/shop\/cream-deluxe-gold-640g-6-pack\/"]}]},{"@type":"ImageObject","inLanguage":"en-GB","@id":"https:\/\/creamdeluxe.it\/shop\/cream-deluxe-gold-640g-6-pack\/#primaryimage","url":"https:\/\/i0.wp.com\/creamdeluxe.it\/wp-content\/uploads\/2024\/10\/cream-deluxe-gold-640g-6pack-square-2.png?fit=1600%2C1600&ssl=1","contentUrl":"https:\/\/i0.wp.com\/creamdeluxe.it\/wp-content\/uploads\/2024\/10\/cream-deluxe-gold-640g-6pack-square-2.png?fit=1600%2C1600&ssl=1","width":1600,"height":1600},{"@type":"BreadcrumbList","@id":"https:\/\/creamdeluxe.it\/shop\/cream-deluxe-gold-640g-6-pack\/#breadcrumb","itemListElement":[{"@type":"ListItem","position":1,"name":"Home","item":"https:\/\/creamdeluxe.it\/"},{"@type":"ListItem","position":2,"name":"Boutique","item":"https:\/\/creamdeluxe.it\/en\/boutique\/"},{"@type":"ListItem","position":3,"name":"Cream Deluxe Gold 640g &#8211; 6 pack"}]},{"@type":"WebSite","@id":"https:\/\/creamdeluxe.it\/#website","url":"https:\/\/creamdeluxe.it\/","name":"Cream Deluxe \ud83c\uddee\ud83c\uddf9","description":"Light Up the Night with Cream Deluxe","potentialAction":[{"@type":"SearchAction","target":{"@type":"EntryPoint","urlTemplate":"https:\/\/creamdeluxe.it\/?s={search_term_string}"},"query-input":{"@type":"PropertyValueSpecification","valueRequired":true,"valueName":"search_term_string"}}],"inLanguage":"en-GB"}]}},"jetpack_sharing_enabled":true,"_links":{"self":[{"href":"https:\/\/creamdeluxe.it\/en\/wp-json\/wp\/v2\/product\/799","targetHints":{"allow":["GET"]}}],"collection":[{"href":"https:\/\/creamdeluxe.it\/en\/wp-json\/wp\/v2\/product"}],"about":[{"href":"https:\/\/creamdeluxe.it\/en\/wp-json\/wp\/v2\/types\/product"}],"replies":[{"embeddable":true,"href":"https:\/\/creamdeluxe.it\/en\/wp-json\/wp\/v2\/comments?post=799"}],"wp:featuredmedia":[{"embeddable":true,"href":"https:\/\/creamdeluxe.it\/en\/wp-json\/wp\/v2\/media\/809"}],"wp:attachment":[{"href":"https:\/\/creamdeluxe.it\/en\/wp-json\/wp\/v2\/media?parent=799"}],"wp:term":[{"taxonomy":"product_brand","embeddable":true,"href":"https:\/\/creamdeluxe.it\/en\/wp-json\/wp\/v2\/product_brand?post=799"},{"taxonomy":"product_cat","embeddable":true,"href":"https:\/\/creamdeluxe.it\/en\/wp-json\/wp\/v2\/product_cat?post=799"},{"taxonomy":"product_tag","embeddable":true,"href":"https:\/\/creamdeluxe.it\/en\/wp-json\/wp\/v2\/product_tag?post=799"}],"curies":[{"name":"wp","href":"https:\/\/api.w.org\/{rel}","templated":true}]}}