{"id":738,"date":"2024-10-28T11:00:59","date_gmt":"2024-10-28T10:00:59","guid":{"rendered":"https:\/\/creamdeluxe.it\/?post_type=product&#038;p=738"},"modified":"2024-10-30T09:13:55","modified_gmt":"2024-10-30T08:13:55","slug":"cream-deluxe-kiwi-n2o-666g-pack-de-6","status":"publish","type":"product","link":"https:\/\/creamdeluxe.it\/en\/shop\/cream-deluxe-kiwi-n2o-666g-pack-de-6\/","title":{"rendered":"Cream Deluxe 666g Kiwi N2O &#8211; 6 pack"},"content":{"rendered":"<p>&#8211; Recevez un embout de d\u00e9compression au kiwi offert avec chaque bouteille Kiwi Nozzle.<br \/>\n&#8211; Infus\u00e9 de l\u2019essence fra\u00eeche et acidul\u00e9e du kiwi, cet embout rehausse vos moments de d\u00e9gustation.<br \/>\n&#8211; Chaque cylindre contient 666g d\u2019oxyde nitreux, \u00e9quivalant \u00e0 84 cartouches de cr\u00e8me classiques.<br \/>\n&#8211; Puret\u00e9 alimentaire test\u00e9e \u00e0 99,9 % pour une exp\u00e9rience de qualit\u00e9.<br \/>\n&#8211; Envelopp\u00e9 dans une coque en acier durable, garantissant s\u00e9curit\u00e9 et fiabilit\u00e9.<\/p>","protected":false},"excerpt":{"rendered":"<p>&#8211; Recevez un embout de d\u00e9compression au kiwi offert avec chaque bouteille Kiwi Nozzle. &#8211; Infus\u00e9 de l\u2019essence fra\u00eeche et acidul\u00e9e du [&hellip;]<\/p>","protected":false},"featured_media":1025,"comment_status":"open","ping_status":"closed","template":"","meta":[],"product_brand":[],"product_cat":[21],"product_tag":[],"class_list":{"0":"post-738","1":"product","2":"type-product","3":"status-publish","4":"has-post-thumbnail","6":"product_cat-bonbonnes-aromatisees-666g","8":"first","9":"instock","10":"shipping-taxable","11":"purchasable","12":"product-type-simple"},"yoast_head":"<!-- This site is optimized with the Yoast SEO plugin v24.9 - https:\/\/yoast.com\/wordpress\/plugins\/seo\/ -->\n<title>Cream Deluxe 666g Kiwi N2O - 6 pack - Cream Deluxe \ud83c\uddee\ud83c\uddf9<\/title>\n<meta name=\"robots\" content=\"index, follow, max-snippet:-1, max-image-preview:large, max-video-preview:-1\" \/>\n<link rel=\"canonical\" href=\"https:\/\/creamdeluxe.it\/en\/shop\/cream-deluxe-kiwi-n2o-666g-pack-de-6\/\" \/>\n<meta property=\"og:locale\" content=\"en_GB\" \/>\n<meta property=\"og:type\" content=\"article\" \/>\n<meta property=\"og:title\" content=\"Cream Deluxe 666g Kiwi N2O - 6 pack - Cream Deluxe \ud83c\uddee\ud83c\uddf9\" \/>\n<meta property=\"og:description\" content=\"&#8211; Recevez un embout de d\u00e9compression au kiwi offert avec chaque bouteille Kiwi Nozzle. &#8211; Infus\u00e9 de l\u2019essence fra\u00eeche et acidul\u00e9e du [&hellip;]\" \/>\n<meta property=\"og:url\" content=\"https:\/\/creamdeluxe.it\/en\/shop\/cream-deluxe-kiwi-n2o-666g-pack-de-6\/\" \/>\n<meta property=\"og:site_name\" content=\"Cream Deluxe \ud83c\uddee\ud83c\uddf9\" \/>\n<meta property=\"article:modified_time\" content=\"2024-10-30T08:13:55+00:00\" \/>\n<meta property=\"og:image\" content=\"https:\/\/i0.wp.com\/creamdeluxe.it\/wp-content\/uploads\/2024\/10\/cream-deluxe-kiwi-n2o-666g-pack-de-6-2.png?fit=1134%2C1134&ssl=1\" \/>\n\t<meta property=\"og:image:width\" content=\"1134\" \/>\n\t<meta property=\"og:image:height\" content=\"1134\" \/>\n\t<meta property=\"og:image:type\" content=\"image\/png\" \/>\n<meta name=\"twitter:card\" content=\"summary_large_image\" \/>\n<script type=\"application\/ld+json\" class=\"yoast-schema-graph\">{\"@context\":\"https:\/\/schema.org\",\"@graph\":[{\"@type\":\"WebPage\",\"@id\":\"https:\/\/creamdeluxe.it\/shop\/cream-deluxe-kiwi-n2o-666g-pack-de-6\/\",\"url\":\"https:\/\/creamdeluxe.it\/shop\/cream-deluxe-kiwi-n2o-666g-pack-de-6\/\",\"name\":\"Cream Deluxe 666g Kiwi N2O - 6 pack - Cream Deluxe \ud83c\uddee\ud83c\uddf9\",\"isPartOf\":{\"@id\":\"https:\/\/creamdeluxe.it\/#website\"},\"primaryImageOfPage\":{\"@id\":\"https:\/\/creamdeluxe.it\/shop\/cream-deluxe-kiwi-n2o-666g-pack-de-6\/#primaryimage\"},\"image\":{\"@id\":\"https:\/\/creamdeluxe.it\/shop\/cream-deluxe-kiwi-n2o-666g-pack-de-6\/#primaryimage\"},\"thumbnailUrl\":\"https:\/\/i0.wp.com\/creamdeluxe.it\/wp-content\/uploads\/2024\/10\/Kiwi-Pack.png?fit=1080%2C1080&ssl=1\",\"datePublished\":\"2024-10-28T10:00:59+00:00\",\"dateModified\":\"2024-10-30T08:13:55+00:00\",\"breadcrumb\":{\"@id\":\"https:\/\/creamdeluxe.it\/shop\/cream-deluxe-kiwi-n2o-666g-pack-de-6\/#breadcrumb\"},\"inLanguage\":\"en-GB\",\"potentialAction\":[{\"@type\":\"ReadAction\",\"target\":[\"https:\/\/creamdeluxe.it\/shop\/cream-deluxe-kiwi-n2o-666g-pack-de-6\/\"]}]},{\"@type\":\"ImageObject\",\"inLanguage\":\"en-GB\",\"@id\":\"https:\/\/creamdeluxe.it\/shop\/cream-deluxe-kiwi-n2o-666g-pack-de-6\/#primaryimage\",\"url\":\"https:\/\/i0.wp.com\/creamdeluxe.it\/wp-content\/uploads\/2024\/10\/Kiwi-Pack.png?fit=1080%2C1080&ssl=1\",\"contentUrl\":\"https:\/\/i0.wp.com\/creamdeluxe.it\/wp-content\/uploads\/2024\/10\/Kiwi-Pack.png?fit=1080%2C1080&ssl=1\",\"width\":1080,\"height\":1080},{\"@type\":\"BreadcrumbList\",\"@id\":\"https:\/\/creamdeluxe.it\/shop\/cream-deluxe-kiwi-n2o-666g-pack-de-6\/#breadcrumb\",\"itemListElement\":[{\"@type\":\"ListItem\",\"position\":1,\"name\":\"Home\",\"item\":\"https:\/\/creamdeluxe.it\/\"},{\"@type\":\"ListItem\",\"position\":2,\"name\":\"Boutique\",\"item\":\"https:\/\/creamdeluxe.it\/en\/boutique\/\"},{\"@type\":\"ListItem\",\"position\":3,\"name\":\"Cream Deluxe 666g Kiwi N2O &#8211; 6 pack\"}]},{\"@type\":\"WebSite\",\"@id\":\"https:\/\/creamdeluxe.it\/#website\",\"url\":\"https:\/\/creamdeluxe.it\/\",\"name\":\"Cream Deluxe \ud83c\uddee\ud83c\uddf9\",\"description\":\"Light Up the Night with Cream Deluxe\",\"potentialAction\":[{\"@type\":\"SearchAction\",\"target\":{\"@type\":\"EntryPoint\",\"urlTemplate\":\"https:\/\/creamdeluxe.it\/?s={search_term_string}\"},\"query-input\":{\"@type\":\"PropertyValueSpecification\",\"valueRequired\":true,\"valueName\":\"search_term_string\"}}],\"inLanguage\":\"en-GB\"}]}<\/script>\n<!-- \/ Yoast SEO plugin. -->","yoast_head_json":{"title":"Cream Deluxe 666g Kiwi N2O - 6 pack - Cream Deluxe \ud83c\uddee\ud83c\uddf9","robots":{"index":"index","follow":"follow","max-snippet":"max-snippet:-1","max-image-preview":"max-image-preview:large","max-video-preview":"max-video-preview:-1"},"canonical":"https:\/\/creamdeluxe.it\/en\/shop\/cream-deluxe-kiwi-n2o-666g-pack-de-6\/","og_locale":"en_GB","og_type":"article","og_title":"Cream Deluxe 666g Kiwi N2O - 6 pack - Cream Deluxe \ud83c\uddee\ud83c\uddf9","og_description":"&#8211; Recevez un embout de d\u00e9compression au kiwi offert avec chaque bouteille Kiwi Nozzle. &#8211; Infus\u00e9 de l\u2019essence fra\u00eeche et acidul\u00e9e du [&hellip;]","og_url":"https:\/\/creamdeluxe.it\/en\/shop\/cream-deluxe-kiwi-n2o-666g-pack-de-6\/","og_site_name":"Cream Deluxe \ud83c\uddee\ud83c\uddf9","article_modified_time":"2024-10-30T08:13:55+00:00","og_image":[{"width":1134,"height":1134,"url":"https:\/\/i0.wp.com\/creamdeluxe.it\/wp-content\/uploads\/2024\/10\/cream-deluxe-kiwi-n2o-666g-pack-de-6-2.png?fit=1134%2C1134&ssl=1","type":"image\/png"}],"twitter_card":"summary_large_image","schema":{"@context":"https:\/\/schema.org","@graph":[{"@type":"WebPage","@id":"https:\/\/creamdeluxe.it\/shop\/cream-deluxe-kiwi-n2o-666g-pack-de-6\/","url":"https:\/\/creamdeluxe.it\/shop\/cream-deluxe-kiwi-n2o-666g-pack-de-6\/","name":"Cream Deluxe 666g Kiwi N2O - 6 pack - Cream Deluxe \ud83c\uddee\ud83c\uddf9","isPartOf":{"@id":"https:\/\/creamdeluxe.it\/#website"},"primaryImageOfPage":{"@id":"https:\/\/creamdeluxe.it\/shop\/cream-deluxe-kiwi-n2o-666g-pack-de-6\/#primaryimage"},"image":{"@id":"https:\/\/creamdeluxe.it\/shop\/cream-deluxe-kiwi-n2o-666g-pack-de-6\/#primaryimage"},"thumbnailUrl":"https:\/\/i0.wp.com\/creamdeluxe.it\/wp-content\/uploads\/2024\/10\/Kiwi-Pack.png?fit=1080%2C1080&ssl=1","datePublished":"2024-10-28T10:00:59+00:00","dateModified":"2024-10-30T08:13:55+00:00","breadcrumb":{"@id":"https:\/\/creamdeluxe.it\/shop\/cream-deluxe-kiwi-n2o-666g-pack-de-6\/#breadcrumb"},"inLanguage":"en-GB","potentialAction":[{"@type":"ReadAction","target":["https:\/\/creamdeluxe.it\/shop\/cream-deluxe-kiwi-n2o-666g-pack-de-6\/"]}]},{"@type":"ImageObject","inLanguage":"en-GB","@id":"https:\/\/creamdeluxe.it\/shop\/cream-deluxe-kiwi-n2o-666g-pack-de-6\/#primaryimage","url":"https:\/\/i0.wp.com\/creamdeluxe.it\/wp-content\/uploads\/2024\/10\/Kiwi-Pack.png?fit=1080%2C1080&ssl=1","contentUrl":"https:\/\/i0.wp.com\/creamdeluxe.it\/wp-content\/uploads\/2024\/10\/Kiwi-Pack.png?fit=1080%2C1080&ssl=1","width":1080,"height":1080},{"@type":"BreadcrumbList","@id":"https:\/\/creamdeluxe.it\/shop\/cream-deluxe-kiwi-n2o-666g-pack-de-6\/#breadcrumb","itemListElement":[{"@type":"ListItem","position":1,"name":"Home","item":"https:\/\/creamdeluxe.it\/"},{"@type":"ListItem","position":2,"name":"Boutique","item":"https:\/\/creamdeluxe.it\/en\/boutique\/"},{"@type":"ListItem","position":3,"name":"Cream Deluxe 666g Kiwi N2O &#8211; 6 pack"}]},{"@type":"WebSite","@id":"https:\/\/creamdeluxe.it\/#website","url":"https:\/\/creamdeluxe.it\/","name":"Cream Deluxe \ud83c\uddee\ud83c\uddf9","description":"Light Up the Night with Cream Deluxe","potentialAction":[{"@type":"SearchAction","target":{"@type":"EntryPoint","urlTemplate":"https:\/\/creamdeluxe.it\/?s={search_term_string}"},"query-input":{"@type":"PropertyValueSpecification","valueRequired":true,"valueName":"search_term_string"}}],"inLanguage":"en-GB"}]}},"jetpack_sharing_enabled":true,"_links":{"self":[{"href":"https:\/\/creamdeluxe.it\/en\/wp-json\/wp\/v2\/product\/738","targetHints":{"allow":["GET"]}}],"collection":[{"href":"https:\/\/creamdeluxe.it\/en\/wp-json\/wp\/v2\/product"}],"about":[{"href":"https:\/\/creamdeluxe.it\/en\/wp-json\/wp\/v2\/types\/product"}],"replies":[{"embeddable":true,"href":"https:\/\/creamdeluxe.it\/en\/wp-json\/wp\/v2\/comments?post=738"}],"wp:featuredmedia":[{"embeddable":true,"href":"https:\/\/creamdeluxe.it\/en\/wp-json\/wp\/v2\/media\/1025"}],"wp:attachment":[{"href":"https:\/\/creamdeluxe.it\/en\/wp-json\/wp\/v2\/media?parent=738"}],"wp:term":[{"taxonomy":"product_brand","embeddable":true,"href":"https:\/\/creamdeluxe.it\/en\/wp-json\/wp\/v2\/product_brand?post=738"},{"taxonomy":"product_cat","embeddable":true,"href":"https:\/\/creamdeluxe.it\/en\/wp-json\/wp\/v2\/product_cat?post=738"},{"taxonomy":"product_tag","embeddable":true,"href":"https:\/\/creamdeluxe.it\/en\/wp-json\/wp\/v2\/product_tag?post=738"}],"curies":[{"name":"wp","href":"https:\/\/api.w.org\/{rel}","templated":true}]}}