{"id":339,"date":"2024-08-17T23:35:56","date_gmt":"2024-08-17T21:35:56","guid":{"rendered":"https:\/\/creamdeluxe.it\/shop\/cream-deluxe-666g-oxyde-dananas-%f0%9f%8d%8d-cream-deluxe\/"},"modified":"2024-10-30T09:14:17","modified_gmt":"2024-10-30T08:14:17","slug":"cream-deluxe-666g-oxyde-dananas-%f0%9f%8d%8d-cream-deluxe","status":"publish","type":"product","link":"https:\/\/creamdeluxe.it\/en\/shop\/cream-deluxe-666g-oxyde-dananas-%f0%9f%8d%8d-cream-deluxe\/","title":{"rendered":"Cream Deluxe 666g Pineapple \ud83c\udf4d"},"content":{"rendered":"","protected":false},"excerpt":{"rendered":"<p>Cream Deluxe 666g Oxyde d&rsquo;Ananas &#8211; Une touche exotique pour les chefs. \u00c9l\u00e8ve les cr\u00e9ations avec le flair tropical de l&rsquo;ananas par Cream Deluxe.<\/p>","protected":false},"featured_media":1010,"comment_status":"open","ping_status":"closed","template":"","meta":[],"product_brand":[],"product_cat":[21],"product_tag":[],"class_list":{"0":"post-339","1":"product","2":"type-product","3":"status-publish","4":"has-post-thumbnail","6":"product_cat-bonbonnes-aromatisees-666g","8":"first","9":"instock","10":"sale","11":"shipping-taxable","12":"purchasable","13":"product-type-simple"},"yoast_head":"<!-- This site is optimized with the Yoast SEO plugin v24.9 - https:\/\/yoast.com\/wordpress\/plugins\/seo\/ -->\n<title>Cream Deluxe 666g Ananas \ud83c\udf4d - Cream Deluxe \ud83c\uddee\ud83c\uddf9<\/title>\n<meta name=\"robots\" content=\"index, follow, max-snippet:-1, max-image-preview:large, max-video-preview:-1\" \/>\n<link rel=\"canonical\" href=\"https:\/\/creamdeluxe.it\/en\/shop\/cream-deluxe-666g-oxyde-dananas-\ud83c\udf4d-cream-deluxe\/\" \/>\n<meta property=\"og:locale\" content=\"en_GB\" \/>\n<meta property=\"og:type\" content=\"article\" \/>\n<meta property=\"og:title\" content=\"Cream Deluxe 666g Ananas \ud83c\udf4d - Cream Deluxe \ud83c\uddee\ud83c\uddf9\" \/>\n<meta property=\"og:description\" content=\"Cream Deluxe 666g Oxyde d&#039;Ananas - Une touche exotique pour les chefs. \u00c9l\u00e8ve les cr\u00e9ations avec le flair tropical de l&#039;ananas par Cream Deluxe.\" \/>\n<meta property=\"og:url\" content=\"https:\/\/creamdeluxe.it\/en\/shop\/cream-deluxe-666g-oxyde-dananas-\ud83c\udf4d-cream-deluxe\/\" \/>\n<meta property=\"og:site_name\" content=\"Cream Deluxe \ud83c\uddee\ud83c\uddf9\" \/>\n<meta property=\"article:modified_time\" content=\"2024-10-30T08:14:17+00:00\" \/>\n<meta property=\"og:image\" content=\"https:\/\/i0.wp.com\/creamdeluxe.it\/wp-content\/uploads\/2024\/08\/cream-deluxe-666g-oxyde-dananas-cream-deluxe.png?fit=2000%2C2001&ssl=1\" \/>\n\t<meta property=\"og:image:width\" content=\"2000\" \/>\n\t<meta property=\"og:image:height\" content=\"2001\" \/>\n\t<meta property=\"og:image:type\" content=\"image\/png\" \/>\n<meta name=\"twitter:card\" content=\"summary_large_image\" \/>\n<script type=\"application\/ld+json\" class=\"yoast-schema-graph\">{\"@context\":\"https:\/\/schema.org\",\"@graph\":[{\"@type\":\"WebPage\",\"@id\":\"https:\/\/creamdeluxe.it\/shop\/cream-deluxe-666g-oxyde-dananas-%f0%9f%8d%8d-cream-deluxe\/\",\"url\":\"https:\/\/creamdeluxe.it\/shop\/cream-deluxe-666g-oxyde-dananas-%f0%9f%8d%8d-cream-deluxe\/\",\"name\":\"Cream Deluxe 666g Ananas \ud83c\udf4d - Cream Deluxe \ud83c\uddee\ud83c\uddf9\",\"isPartOf\":{\"@id\":\"https:\/\/creamdeluxe.it\/#website\"},\"primaryImageOfPage\":{\"@id\":\"https:\/\/creamdeluxe.it\/shop\/cream-deluxe-666g-oxyde-dananas-%f0%9f%8d%8d-cream-deluxe\/#primaryimage\"},\"image\":{\"@id\":\"https:\/\/creamdeluxe.it\/shop\/cream-deluxe-666g-oxyde-dananas-%f0%9f%8d%8d-cream-deluxe\/#primaryimage\"},\"thumbnailUrl\":\"https:\/\/i0.wp.com\/creamdeluxe.it\/wp-content\/uploads\/2024\/08\/Pineapple.png?fit=1080%2C1080&ssl=1\",\"datePublished\":\"2024-08-17T21:35:56+00:00\",\"dateModified\":\"2024-10-30T08:14:17+00:00\",\"breadcrumb\":{\"@id\":\"https:\/\/creamdeluxe.it\/shop\/cream-deluxe-666g-oxyde-dananas-%f0%9f%8d%8d-cream-deluxe\/#breadcrumb\"},\"inLanguage\":\"en-GB\",\"potentialAction\":[{\"@type\":\"ReadAction\",\"target\":[\"https:\/\/creamdeluxe.it\/shop\/cream-deluxe-666g-oxyde-dananas-%f0%9f%8d%8d-cream-deluxe\/\"]}]},{\"@type\":\"ImageObject\",\"inLanguage\":\"en-GB\",\"@id\":\"https:\/\/creamdeluxe.it\/shop\/cream-deluxe-666g-oxyde-dananas-%f0%9f%8d%8d-cream-deluxe\/#primaryimage\",\"url\":\"https:\/\/i0.wp.com\/creamdeluxe.it\/wp-content\/uploads\/2024\/08\/Pineapple.png?fit=1080%2C1080&ssl=1\",\"contentUrl\":\"https:\/\/i0.wp.com\/creamdeluxe.it\/wp-content\/uploads\/2024\/08\/Pineapple.png?fit=1080%2C1080&ssl=1\",\"width\":1080,\"height\":1080},{\"@type\":\"BreadcrumbList\",\"@id\":\"https:\/\/creamdeluxe.it\/shop\/cream-deluxe-666g-oxyde-dananas-%f0%9f%8d%8d-cream-deluxe\/#breadcrumb\",\"itemListElement\":[{\"@type\":\"ListItem\",\"position\":1,\"name\":\"Home\",\"item\":\"https:\/\/creamdeluxe.it\/\"},{\"@type\":\"ListItem\",\"position\":2,\"name\":\"Boutique\",\"item\":\"https:\/\/creamdeluxe.it\/en\/boutique\/\"},{\"@type\":\"ListItem\",\"position\":3,\"name\":\"Cream Deluxe 666g Ananas \ud83c\udf4d\"}]},{\"@type\":\"WebSite\",\"@id\":\"https:\/\/creamdeluxe.it\/#website\",\"url\":\"https:\/\/creamdeluxe.it\/\",\"name\":\"Cream Deluxe \ud83c\uddee\ud83c\uddf9\",\"description\":\"Light Up the Night with Cream Deluxe\",\"potentialAction\":[{\"@type\":\"SearchAction\",\"target\":{\"@type\":\"EntryPoint\",\"urlTemplate\":\"https:\/\/creamdeluxe.it\/?s={search_term_string}\"},\"query-input\":{\"@type\":\"PropertyValueSpecification\",\"valueRequired\":true,\"valueName\":\"search_term_string\"}}],\"inLanguage\":\"en-GB\"}]}<\/script>\n<!-- \/ Yoast SEO plugin. -->","yoast_head_json":{"title":"Cream Deluxe 666g Ananas \ud83c\udf4d - Cream Deluxe \ud83c\uddee\ud83c\uddf9","robots":{"index":"index","follow":"follow","max-snippet":"max-snippet:-1","max-image-preview":"max-image-preview:large","max-video-preview":"max-video-preview:-1"},"canonical":"https:\/\/creamdeluxe.it\/en\/shop\/cream-deluxe-666g-oxyde-dananas-\ud83c\udf4d-cream-deluxe\/","og_locale":"en_GB","og_type":"article","og_title":"Cream Deluxe 666g Ananas \ud83c\udf4d - Cream Deluxe \ud83c\uddee\ud83c\uddf9","og_description":"Cream Deluxe 666g Oxyde d'Ananas - Une touche exotique pour les chefs. \u00c9l\u00e8ve les cr\u00e9ations avec le flair tropical de l'ananas par Cream Deluxe.","og_url":"https:\/\/creamdeluxe.it\/en\/shop\/cream-deluxe-666g-oxyde-dananas-\ud83c\udf4d-cream-deluxe\/","og_site_name":"Cream Deluxe \ud83c\uddee\ud83c\uddf9","article_modified_time":"2024-10-30T08:14:17+00:00","og_image":[{"width":2000,"height":2001,"url":"https:\/\/i0.wp.com\/creamdeluxe.it\/wp-content\/uploads\/2024\/08\/cream-deluxe-666g-oxyde-dananas-cream-deluxe.png?fit=2000%2C2001&ssl=1","type":"image\/png"}],"twitter_card":"summary_large_image","schema":{"@context":"https:\/\/schema.org","@graph":[{"@type":"WebPage","@id":"https:\/\/creamdeluxe.it\/shop\/cream-deluxe-666g-oxyde-dananas-%f0%9f%8d%8d-cream-deluxe\/","url":"https:\/\/creamdeluxe.it\/shop\/cream-deluxe-666g-oxyde-dananas-%f0%9f%8d%8d-cream-deluxe\/","name":"Cream Deluxe 666g Ananas \ud83c\udf4d - Cream Deluxe \ud83c\uddee\ud83c\uddf9","isPartOf":{"@id":"https:\/\/creamdeluxe.it\/#website"},"primaryImageOfPage":{"@id":"https:\/\/creamdeluxe.it\/shop\/cream-deluxe-666g-oxyde-dananas-%f0%9f%8d%8d-cream-deluxe\/#primaryimage"},"image":{"@id":"https:\/\/creamdeluxe.it\/shop\/cream-deluxe-666g-oxyde-dananas-%f0%9f%8d%8d-cream-deluxe\/#primaryimage"},"thumbnailUrl":"https:\/\/i0.wp.com\/creamdeluxe.it\/wp-content\/uploads\/2024\/08\/Pineapple.png?fit=1080%2C1080&ssl=1","datePublished":"2024-08-17T21:35:56+00:00","dateModified":"2024-10-30T08:14:17+00:00","breadcrumb":{"@id":"https:\/\/creamdeluxe.it\/shop\/cream-deluxe-666g-oxyde-dananas-%f0%9f%8d%8d-cream-deluxe\/#breadcrumb"},"inLanguage":"en-GB","potentialAction":[{"@type":"ReadAction","target":["https:\/\/creamdeluxe.it\/shop\/cream-deluxe-666g-oxyde-dananas-%f0%9f%8d%8d-cream-deluxe\/"]}]},{"@type":"ImageObject","inLanguage":"en-GB","@id":"https:\/\/creamdeluxe.it\/shop\/cream-deluxe-666g-oxyde-dananas-%f0%9f%8d%8d-cream-deluxe\/#primaryimage","url":"https:\/\/i0.wp.com\/creamdeluxe.it\/wp-content\/uploads\/2024\/08\/Pineapple.png?fit=1080%2C1080&ssl=1","contentUrl":"https:\/\/i0.wp.com\/creamdeluxe.it\/wp-content\/uploads\/2024\/08\/Pineapple.png?fit=1080%2C1080&ssl=1","width":1080,"height":1080},{"@type":"BreadcrumbList","@id":"https:\/\/creamdeluxe.it\/shop\/cream-deluxe-666g-oxyde-dananas-%f0%9f%8d%8d-cream-deluxe\/#breadcrumb","itemListElement":[{"@type":"ListItem","position":1,"name":"Home","item":"https:\/\/creamdeluxe.it\/"},{"@type":"ListItem","position":2,"name":"Boutique","item":"https:\/\/creamdeluxe.it\/en\/boutique\/"},{"@type":"ListItem","position":3,"name":"Cream Deluxe 666g Ananas \ud83c\udf4d"}]},{"@type":"WebSite","@id":"https:\/\/creamdeluxe.it\/#website","url":"https:\/\/creamdeluxe.it\/","name":"Cream Deluxe \ud83c\uddee\ud83c\uddf9","description":"Light Up the Night with Cream Deluxe","potentialAction":[{"@type":"SearchAction","target":{"@type":"EntryPoint","urlTemplate":"https:\/\/creamdeluxe.it\/?s={search_term_string}"},"query-input":{"@type":"PropertyValueSpecification","valueRequired":true,"valueName":"search_term_string"}}],"inLanguage":"en-GB"}]}},"jetpack_sharing_enabled":true,"_links":{"self":[{"href":"https:\/\/creamdeluxe.it\/en\/wp-json\/wp\/v2\/product\/339","targetHints":{"allow":["GET"]}}],"collection":[{"href":"https:\/\/creamdeluxe.it\/en\/wp-json\/wp\/v2\/product"}],"about":[{"href":"https:\/\/creamdeluxe.it\/en\/wp-json\/wp\/v2\/types\/product"}],"replies":[{"embeddable":true,"href":"https:\/\/creamdeluxe.it\/en\/wp-json\/wp\/v2\/comments?post=339"}],"wp:featuredmedia":[{"embeddable":true,"href":"https:\/\/creamdeluxe.it\/en\/wp-json\/wp\/v2\/media\/1010"}],"wp:attachment":[{"href":"https:\/\/creamdeluxe.it\/en\/wp-json\/wp\/v2\/media?parent=339"}],"wp:term":[{"taxonomy":"product_brand","embeddable":true,"href":"https:\/\/creamdeluxe.it\/en\/wp-json\/wp\/v2\/product_brand?post=339"},{"taxonomy":"product_cat","embeddable":true,"href":"https:\/\/creamdeluxe.it\/en\/wp-json\/wp\/v2\/product_cat?post=339"},{"taxonomy":"product_tag","embeddable":true,"href":"https:\/\/creamdeluxe.it\/en\/wp-json\/wp\/v2\/product_tag?post=339"}],"curies":[{"name":"wp","href":"https:\/\/api.w.org\/{rel}","templated":true}]}}