{"id":561,"date":"2024-10-12T18:34:23","date_gmt":"2024-10-12T16:34:23","guid":{"rendered":"https:\/\/creamdeluxe.it\/?page_id=561"},"modified":"2024-10-31T07:41:26","modified_gmt":"2024-10-31T06:41:26","slug":"service-client","status":"publish","type":"page","link":"https:\/\/creamdeluxe.it\/en\/service-client\/","title":{"rendered":"Customer Service"},"content":{"rendered":"<p>Notre engagement envers vous :<br>Chez Cream Deluxe, nous croyons que la satisfaction de nos clients est primordiale. Notre \u00e9quipe de service client est \u00e0 votre disposition pour r\u00e9pondre \u00e0 toutes vos questions et pr\u00e9occupations. Que vous ayez besoin d&rsquo;assistance concernant une commande, des informations sur nos produits ou des conseils d&rsquo;utilisation, n&rsquo;h\u00e9sitez pas \u00e0 nous contacter.<\/p><p>Contactez-nous :<br><strong>Email : hello@creamdeuxe.it<br>T\u00e9l\u00e9phone : +39 327 732 4960<span class=\"uicore-icon-wrapp\" style=\"box-sizing: border-box; display: inline-flex; align-items: center; color: rgb(236, 255, 0); font-family: Poppins; font-size: 12px; font-weight: 400; text-align: right; white-space-collapse: collapse; background-color: rgb(21, 25, 55);\"><\/span><\/strong><div><strong>Heures d\u2019ouverture : Du lundi au vendredi, de 9h \u00e0 18h<\/strong><\/div><\/p><p>Nous nous effor\u00e7ons de r\u00e9pondre \u00e0 toutes les demandes dans les 24 heures. Votre satisfaction est notre priorit\u00e9, et nous sommes l\u00e0 pour vous accompagner \u00e0 chaque \u00e9tape de votre exp\u00e9rience d\u2019achat.<\/p>","protected":false},"excerpt":{"rendered":"<p>Notre engagement envers vous :Chez Cream Deluxe, nous croyons que la satisfaction de nos clients est primordiale. Notre \u00e9quipe de service client [&hellip;]<\/p>","protected":false},"author":1,"featured_media":0,"parent":0,"menu_order":0,"comment_status":"closed","ping_status":"closed","template":"","meta":{"footnotes":""},"class_list":["post-561","page","type-page","status-publish","hentry"],"yoast_head":"<!-- This site is optimized with the Yoast SEO plugin v24.9 - https:\/\/yoast.com\/wordpress\/plugins\/seo\/ -->\n<title>Service Client - Cream Deluxe \ud83c\uddee\ud83c\uddf9<\/title>\n<meta name=\"robots\" content=\"index, follow, max-snippet:-1, max-image-preview:large, max-video-preview:-1\" \/>\n<link rel=\"canonical\" href=\"https:\/\/creamdeluxe.it\/en\/service-client\/\" \/>\n<meta property=\"og:locale\" content=\"en_GB\" \/>\n<meta property=\"og:type\" content=\"article\" \/>\n<meta property=\"og:title\" content=\"Service Client - Cream Deluxe \ud83c\uddee\ud83c\uddf9\" \/>\n<meta property=\"og:description\" content=\"Notre engagement envers vous :Chez Cream Deluxe, nous croyons que la satisfaction de nos clients est primordiale. Notre \u00e9quipe de service client [&hellip;]\" \/>\n<meta property=\"og:url\" content=\"https:\/\/creamdeluxe.it\/en\/service-client\/\" \/>\n<meta property=\"og:site_name\" content=\"Cream Deluxe \ud83c\uddee\ud83c\uddf9\" \/>\n<meta property=\"article:modified_time\" content=\"2024-10-31T06:41:26+00:00\" \/>\n<meta name=\"twitter:card\" content=\"summary_large_image\" \/>\n<meta name=\"twitter:label1\" content=\"Estimated reading time\" \/>\n\t<meta name=\"twitter:data1\" content=\"1 minute\" \/>\n<script type=\"application\/ld+json\" class=\"yoast-schema-graph\">{\"@context\":\"https:\/\/schema.org\",\"@graph\":[{\"@type\":\"WebPage\",\"@id\":\"https:\/\/creamdeluxe.it\/service-client\/\",\"url\":\"https:\/\/creamdeluxe.it\/service-client\/\",\"name\":\"Service Client - Cream Deluxe \ud83c\uddee\ud83c\uddf9\",\"isPartOf\":{\"@id\":\"https:\/\/creamdeluxe.it\/#website\"},\"datePublished\":\"2024-10-12T16:34:23+00:00\",\"dateModified\":\"2024-10-31T06:41:26+00:00\",\"breadcrumb\":{\"@id\":\"https:\/\/creamdeluxe.it\/service-client\/#breadcrumb\"},\"inLanguage\":\"en-GB\",\"potentialAction\":[{\"@type\":\"ReadAction\",\"target\":[\"https:\/\/creamdeluxe.it\/service-client\/\"]}]},{\"@type\":\"BreadcrumbList\",\"@id\":\"https:\/\/creamdeluxe.it\/service-client\/#breadcrumb\",\"itemListElement\":[{\"@type\":\"ListItem\",\"position\":1,\"name\":\"Home\",\"item\":\"https:\/\/creamdeluxe.it\/\"},{\"@type\":\"ListItem\",\"position\":2,\"name\":\"Service Client\"}]},{\"@type\":\"WebSite\",\"@id\":\"https:\/\/creamdeluxe.it\/#website\",\"url\":\"https:\/\/creamdeluxe.it\/\",\"name\":\"Cream Deluxe \ud83c\uddee\ud83c\uddf9\",\"description\":\"Light Up the Night with Cream Deluxe\",\"potentialAction\":[{\"@type\":\"SearchAction\",\"target\":{\"@type\":\"EntryPoint\",\"urlTemplate\":\"https:\/\/creamdeluxe.it\/?s={search_term_string}\"},\"query-input\":{\"@type\":\"PropertyValueSpecification\",\"valueRequired\":true,\"valueName\":\"search_term_string\"}}],\"inLanguage\":\"en-GB\"}]}<\/script>\n<!-- \/ Yoast SEO plugin. -->","yoast_head_json":{"title":"Service Client - Cream Deluxe \ud83c\uddee\ud83c\uddf9","robots":{"index":"index","follow":"follow","max-snippet":"max-snippet:-1","max-image-preview":"max-image-preview:large","max-video-preview":"max-video-preview:-1"},"canonical":"https:\/\/creamdeluxe.it\/en\/service-client\/","og_locale":"en_GB","og_type":"article","og_title":"Service Client - Cream Deluxe \ud83c\uddee\ud83c\uddf9","og_description":"Notre engagement envers vous :Chez Cream Deluxe, nous croyons que la satisfaction de nos clients est primordiale. Notre \u00e9quipe de service client [&hellip;]","og_url":"https:\/\/creamdeluxe.it\/en\/service-client\/","og_site_name":"Cream Deluxe \ud83c\uddee\ud83c\uddf9","article_modified_time":"2024-10-31T06:41:26+00:00","twitter_card":"summary_large_image","twitter_misc":{"Estimated reading time":"1 minute"},"schema":{"@context":"https:\/\/schema.org","@graph":[{"@type":"WebPage","@id":"https:\/\/creamdeluxe.it\/service-client\/","url":"https:\/\/creamdeluxe.it\/service-client\/","name":"Service Client - Cream Deluxe \ud83c\uddee\ud83c\uddf9","isPartOf":{"@id":"https:\/\/creamdeluxe.it\/#website"},"datePublished":"2024-10-12T16:34:23+00:00","dateModified":"2024-10-31T06:41:26+00:00","breadcrumb":{"@id":"https:\/\/creamdeluxe.it\/service-client\/#breadcrumb"},"inLanguage":"en-GB","potentialAction":[{"@type":"ReadAction","target":["https:\/\/creamdeluxe.it\/service-client\/"]}]},{"@type":"BreadcrumbList","@id":"https:\/\/creamdeluxe.it\/service-client\/#breadcrumb","itemListElement":[{"@type":"ListItem","position":1,"name":"Home","item":"https:\/\/creamdeluxe.it\/"},{"@type":"ListItem","position":2,"name":"Service Client"}]},{"@type":"WebSite","@id":"https:\/\/creamdeluxe.it\/#website","url":"https:\/\/creamdeluxe.it\/","name":"Cream Deluxe \ud83c\uddee\ud83c\uddf9","description":"Light Up the Night with Cream Deluxe","potentialAction":[{"@type":"SearchAction","target":{"@type":"EntryPoint","urlTemplate":"https:\/\/creamdeluxe.it\/?s={search_term_string}"},"query-input":{"@type":"PropertyValueSpecification","valueRequired":true,"valueName":"search_term_string"}}],"inLanguage":"en-GB"}]}},"jetpack_sharing_enabled":true,"_links":{"self":[{"href":"https:\/\/creamdeluxe.it\/en\/wp-json\/wp\/v2\/pages\/561","targetHints":{"allow":["GET"]}}],"collection":[{"href":"https:\/\/creamdeluxe.it\/en\/wp-json\/wp\/v2\/pages"}],"about":[{"href":"https:\/\/creamdeluxe.it\/en\/wp-json\/wp\/v2\/types\/page"}],"author":[{"embeddable":true,"href":"https:\/\/creamdeluxe.it\/en\/wp-json\/wp\/v2\/users\/1"}],"replies":[{"embeddable":true,"href":"https:\/\/creamdeluxe.it\/en\/wp-json\/wp\/v2\/comments?post=561"}],"version-history":[{"count":0,"href":"https:\/\/creamdeluxe.it\/en\/wp-json\/wp\/v2\/pages\/561\/revisions"}],"wp:attachment":[{"href":"https:\/\/creamdeluxe.it\/en\/wp-json\/wp\/v2\/media?parent=561"}],"curies":[{"name":"wp","href":"https:\/\/api.w.org\/{rel}","templated":true}]}}