{"id":539,"date":"2024-10-08T00:28:15","date_gmt":"2024-10-07T22:28:15","guid":{"rendered":"https:\/\/creamdeluxe.it\/?page_id=539"},"modified":"2024-11-04T10:24:31","modified_gmt":"2024-11-04T09:24:31","slug":"devenir-distributeur","status":"publish","type":"page","link":"https:\/\/creamdeluxe.it\/en\/devenir-distributeur\/","title":{"rendered":"Become a distributor"},"content":{"rendered":"<p>Vous souhaitez devenir grossiste et revendre nos produits ? Rejoignez notre r\u00e9seau de partenaires et b\u00e9n\u00e9ficiez de nos produits de qualit\u00e9 \u00e0 des tarifs pr\u00e9f\u00e9rentiels. En devenant distributeur, vous profiterez d\u2019un accompagnement d\u00e9di\u00e9 et d\u2019un acc\u00e8s exclusif \u00e0 notre gamme compl\u00e8te. Cliquez sur le bouton ci-dessous pour t\u00e9l\u00e9charger notre catalogue et d\u00e9couvrir tous nos produits.<\/p><div class=\"wp-block-buttons is-layout-flex wp-block-buttons-is-layout-flex\"><div class=\"wp-block-button\"><a class=\"wp-block-button__link wp-element-button\" href=\"http:\/\/creamdeluxe.it\/wp-content\/uploads\/2024\/11\/Price_list_Wholesale_CDL.it.pdf\" target=\"_blank\" rel=\"noreferrer noopener\">Download the catalog<\/a><\/div><\/div><p>Ensuite, remplissez le formulaire ci-dessous pour nous faire part de votre int\u00e9r\u00eat, et nous vous recontacterons rapidement pour discuter des modalit\u00e9s et r\u00e9pondre \u00e0 vos questions. Ensemble, d\u00e9veloppons votre activit\u00e9 avec nos solutions adapt\u00e9es \u00e0 vos besoins !<\/p><div class=\"wp-block-jetpack-contact-form\"><a href=\"https:\/\/creamdeluxe.it\/en\/devenir-distributeur\/\" target=\"_blank\" rel=\"noopener noreferrer\">Submit a form.<\/a><\/div><p><\/p>","protected":false},"excerpt":{"rendered":"<p>Vous souhaitez devenir grossiste et revendre nos produits ? Rejoignez notre r\u00e9seau de partenaires et b\u00e9n\u00e9ficiez de nos produits de qualit\u00e9 \u00e0 [&hellip;]<\/p>","protected":false},"author":1,"featured_media":0,"parent":0,"menu_order":0,"comment_status":"closed","ping_status":"closed","template":"","meta":{"footnotes":""},"class_list":["post-539","page","type-page","status-publish","hentry"],"yoast_head":"<!-- This site is optimized with the Yoast SEO plugin v24.9 - https:\/\/yoast.com\/wordpress\/plugins\/seo\/ -->\n<title>Devenir distributeur - Cream Deluxe \ud83c\uddee\ud83c\uddf9<\/title>\n<meta name=\"robots\" content=\"index, follow, max-snippet:-1, max-image-preview:large, max-video-preview:-1\" \/>\n<link rel=\"canonical\" href=\"https:\/\/creamdeluxe.it\/en\/devenir-distributeur\/\" \/>\n<meta property=\"og:locale\" content=\"en_GB\" \/>\n<meta property=\"og:type\" content=\"article\" \/>\n<meta property=\"og:title\" content=\"Devenir distributeur - Cream Deluxe \ud83c\uddee\ud83c\uddf9\" \/>\n<meta property=\"og:description\" content=\"Vous souhaitez devenir grossiste et revendre nos produits ? Rejoignez notre r\u00e9seau de partenaires et b\u00e9n\u00e9ficiez de nos produits de qualit\u00e9 \u00e0 [&hellip;]\" \/>\n<meta property=\"og:url\" content=\"https:\/\/creamdeluxe.it\/en\/devenir-distributeur\/\" \/>\n<meta property=\"og:site_name\" content=\"Cream Deluxe \ud83c\uddee\ud83c\uddf9\" \/>\n<meta property=\"article:modified_time\" content=\"2024-11-04T09:24:31+00:00\" \/>\n<meta name=\"twitter:card\" content=\"summary_large_image\" \/>\n<meta name=\"twitter:label1\" content=\"Estimated reading time\" \/>\n\t<meta name=\"twitter:data1\" content=\"1 minute\" \/>\n<script type=\"application\/ld+json\" class=\"yoast-schema-graph\">{\"@context\":\"https:\/\/schema.org\",\"@graph\":[{\"@type\":\"WebPage\",\"@id\":\"https:\/\/creamdeluxe.it\/devenir-distributeur\/\",\"url\":\"https:\/\/creamdeluxe.it\/devenir-distributeur\/\",\"name\":\"Devenir distributeur - Cream Deluxe \ud83c\uddee\ud83c\uddf9\",\"isPartOf\":{\"@id\":\"https:\/\/creamdeluxe.it\/#website\"},\"datePublished\":\"2024-10-07T22:28:15+00:00\",\"dateModified\":\"2024-11-04T09:24:31+00:00\",\"breadcrumb\":{\"@id\":\"https:\/\/creamdeluxe.it\/devenir-distributeur\/#breadcrumb\"},\"inLanguage\":\"en-GB\",\"potentialAction\":[{\"@type\":\"ReadAction\",\"target\":[\"https:\/\/creamdeluxe.it\/devenir-distributeur\/\"]}]},{\"@type\":\"BreadcrumbList\",\"@id\":\"https:\/\/creamdeluxe.it\/devenir-distributeur\/#breadcrumb\",\"itemListElement\":[{\"@type\":\"ListItem\",\"position\":1,\"name\":\"Home\",\"item\":\"https:\/\/creamdeluxe.it\/\"},{\"@type\":\"ListItem\",\"position\":2,\"name\":\"Devenir distributeur\"}]},{\"@type\":\"WebSite\",\"@id\":\"https:\/\/creamdeluxe.it\/#website\",\"url\":\"https:\/\/creamdeluxe.it\/\",\"name\":\"Cream Deluxe \ud83c\uddee\ud83c\uddf9\",\"description\":\"Light Up the Night with Cream Deluxe\",\"potentialAction\":[{\"@type\":\"SearchAction\",\"target\":{\"@type\":\"EntryPoint\",\"urlTemplate\":\"https:\/\/creamdeluxe.it\/?s={search_term_string}\"},\"query-input\":{\"@type\":\"PropertyValueSpecification\",\"valueRequired\":true,\"valueName\":\"search_term_string\"}}],\"inLanguage\":\"en-GB\"}]}<\/script>\n<!-- \/ Yoast SEO plugin. -->","yoast_head_json":{"title":"Devenir distributeur - Cream Deluxe \ud83c\uddee\ud83c\uddf9","robots":{"index":"index","follow":"follow","max-snippet":"max-snippet:-1","max-image-preview":"max-image-preview:large","max-video-preview":"max-video-preview:-1"},"canonical":"https:\/\/creamdeluxe.it\/en\/devenir-distributeur\/","og_locale":"en_GB","og_type":"article","og_title":"Devenir distributeur - Cream Deluxe \ud83c\uddee\ud83c\uddf9","og_description":"Vous souhaitez devenir grossiste et revendre nos produits ? Rejoignez notre r\u00e9seau de partenaires et b\u00e9n\u00e9ficiez de nos produits de qualit\u00e9 \u00e0 [&hellip;]","og_url":"https:\/\/creamdeluxe.it\/en\/devenir-distributeur\/","og_site_name":"Cream Deluxe \ud83c\uddee\ud83c\uddf9","article_modified_time":"2024-11-04T09:24:31+00:00","twitter_card":"summary_large_image","twitter_misc":{"Estimated reading time":"1 minute"},"schema":{"@context":"https:\/\/schema.org","@graph":[{"@type":"WebPage","@id":"https:\/\/creamdeluxe.it\/devenir-distributeur\/","url":"https:\/\/creamdeluxe.it\/devenir-distributeur\/","name":"Devenir distributeur - Cream Deluxe \ud83c\uddee\ud83c\uddf9","isPartOf":{"@id":"https:\/\/creamdeluxe.it\/#website"},"datePublished":"2024-10-07T22:28:15+00:00","dateModified":"2024-11-04T09:24:31+00:00","breadcrumb":{"@id":"https:\/\/creamdeluxe.it\/devenir-distributeur\/#breadcrumb"},"inLanguage":"en-GB","potentialAction":[{"@type":"ReadAction","target":["https:\/\/creamdeluxe.it\/devenir-distributeur\/"]}]},{"@type":"BreadcrumbList","@id":"https:\/\/creamdeluxe.it\/devenir-distributeur\/#breadcrumb","itemListElement":[{"@type":"ListItem","position":1,"name":"Home","item":"https:\/\/creamdeluxe.it\/"},{"@type":"ListItem","position":2,"name":"Devenir distributeur"}]},{"@type":"WebSite","@id":"https:\/\/creamdeluxe.it\/#website","url":"https:\/\/creamdeluxe.it\/","name":"Cream Deluxe \ud83c\uddee\ud83c\uddf9","description":"Light Up the Night with Cream Deluxe","potentialAction":[{"@type":"SearchAction","target":{"@type":"EntryPoint","urlTemplate":"https:\/\/creamdeluxe.it\/?s={search_term_string}"},"query-input":{"@type":"PropertyValueSpecification","valueRequired":true,"valueName":"search_term_string"}}],"inLanguage":"en-GB"}]}},"jetpack_sharing_enabled":true,"_links":{"self":[{"href":"https:\/\/creamdeluxe.it\/en\/wp-json\/wp\/v2\/pages\/539","targetHints":{"allow":["GET"]}}],"collection":[{"href":"https:\/\/creamdeluxe.it\/en\/wp-json\/wp\/v2\/pages"}],"about":[{"href":"https:\/\/creamdeluxe.it\/en\/wp-json\/wp\/v2\/types\/page"}],"author":[{"embeddable":true,"href":"https:\/\/creamdeluxe.it\/en\/wp-json\/wp\/v2\/users\/1"}],"replies":[{"embeddable":true,"href":"https:\/\/creamdeluxe.it\/en\/wp-json\/wp\/v2\/comments?post=539"}],"version-history":[{"count":0,"href":"https:\/\/creamdeluxe.it\/en\/wp-json\/wp\/v2\/pages\/539\/revisions"}],"wp:attachment":[{"href":"https:\/\/creamdeluxe.it\/en\/wp-json\/wp\/v2\/media?parent=539"}],"curies":[{"name":"wp","href":"https:\/\/api.w.org\/{rel}","templated":true}]}}